{"id":99,"date":"2021-09-21T10:06:10","date_gmt":"2021-09-21T08:06:10","guid":{"rendered":"https:\/\/villawolf.com\/?page_id=99"},"modified":"2021-09-21T18:41:05","modified_gmt":"2021-09-21T16:41:05","slug":"qualitaetsfaktoren","status":"publish","type":"page","link":"https:\/\/villawolf.com\/en\/ueber-uns\/qualitaetsfaktoren\/","title":{"rendered":"Quality factors"},"content":{"rendered":"<div data-elementor-type=\"wp-page\" data-elementor-id=\"99\" class=\"elementor elementor-99\">\n\t\t\t\t\t\t\t\t\t<section class=\"elementor-section elementor-top-section elementor-element elementor-element-4333afc1 elementor-section-full_width elementor-section-height-default elementor-section-height-default\" data-id=\"4333afc1\" data-element_type=\"section\">\n\t\t\t\t\t\t<div class=\"elementor-container elementor-column-gap-default\">\n\t\t\t\t\t<div class=\"elementor-column elementor-col-33 elementor-top-column elementor-element elementor-element-1c24ccc2\" data-id=\"1c24ccc2\" data-element_type=\"column\">\n\t\t\t<div class=\"elementor-widget-wrap\">\n\t\t\t\t\t\t\t\t\t<\/div>\n\t\t<\/div>\n\t\t\t\t<div class=\"elementor-column elementor-col-33 elementor-top-column elementor-element elementor-element-575d17d2\" data-id=\"575d17d2\" data-element_type=\"column\">\n\t\t\t<div class=\"elementor-widget-wrap elementor-element-populated\">\n\t\t\t\t\t\t\t\t<div class=\"elementor-element elementor-element-2e2bc8dd elementor-hidden-phone elementor-widget elementor-widget-spacer\" data-id=\"2e2bc8dd\" data-element_type=\"widget\" data-widget_type=\"spacer.default\">\n\t\t\t\t<div class=\"elementor-widget-container\">\n\t\t\t<style>\/*! elementor - v3.13.3 - 28-05-2023 *\/\n.elementor-column .elementor-spacer-inner{height:var(--spacer-size)}.e-con{--container-widget-width:100%}.e-con-inner>.elementor-widget-spacer,.e-con>.elementor-widget-spacer{width:var(--container-widget-width,var(--spacer-size));--align-self:var(--container-widget-align-self,initial);--flex-shrink:0}.e-con-inner>.elementor-widget-spacer>.elementor-widget-container,.e-con-inner>.elementor-widget-spacer>.elementor-widget-container>.elementor-spacer,.e-con>.elementor-widget-spacer>.elementor-widget-container,.e-con>.elementor-widget-spacer>.elementor-widget-container>.elementor-spacer{height:100%}.e-con-inner>.elementor-widget-spacer>.elementor-widget-container>.elementor-spacer>.elementor-spacer-inner,.e-con>.elementor-widget-spacer>.elementor-widget-container>.elementor-spacer>.elementor-spacer-inner{height:var(--container-widget-height,var(--spacer-size))}<\/style>\t\t<div class=\"elementor-spacer\">\n\t\t\t<div class=\"elementor-spacer-inner\"><\/div>\n\t\t<\/div>\n\t\t\t\t<\/div>\n\t\t\t\t<\/div>\n\t\t\t\t<div class=\"elementor-element elementor-element-13daea3d elementor-widget elementor-widget-heading\" data-id=\"13daea3d\" data-element_type=\"widget\" data-widget_type=\"heading.default\">\n\t\t\t\t<div class=\"elementor-widget-container\">\n\t\t\t<style>\/*! elementor - v3.13.3 - 28-05-2023 *\/\n.elementor-heading-title{padding:0;margin:0;line-height:1}.elementor-widget-heading .elementor-heading-title[class*=elementor-size-]>a{color:inherit;font-size:inherit;line-height:inherit}.elementor-widget-heading .elementor-heading-title.elementor-size-small{font-size:15px}.elementor-widget-heading .elementor-heading-title.elementor-size-medium{font-size:19px}.elementor-widget-heading .elementor-heading-title.elementor-size-large{font-size:29px}.elementor-widget-heading .elementor-heading-title.elementor-size-xl{font-size:39px}.elementor-widget-heading .elementor-heading-title.elementor-size-xxl{font-size:59px}<\/style><h3 class=\"elementor-heading-title elementor-size-default\">QUALITY FACTORS<\/h3>\t\t<\/div>\n\t\t\t\t<\/div>\n\t\t\t\t<div class=\"elementor-element elementor-element-770da31 elementor-widget elementor-widget-global elementor-global-382 elementor-widget-image\" data-id=\"770da31\" data-element_type=\"widget\" data-widget_type=\"image.default\">\n\t\t\t\t<div class=\"elementor-widget-container\">\n\t\t\t<style>\/*! elementor - v3.13.3 - 28-05-2023 *\/\n.elementor-widget-image{text-align:center}.elementor-widget-image a{display:inline-block}.elementor-widget-image a img[src$=\".svg\"]{width:48px}.elementor-widget-image img{vertical-align:middle;display:inline-block}<\/style>\t\t\t\t\t\t\t\t\t\t\t\t<img decoding=\"async\" width=\"300\" height=\"85\" src=\"https:\/\/villawolf.com\/wp-content\/uploads\/2021\/09\/italian-deco-300x85.png\" class=\"attachment-medium size-medium wp-image-150\" alt=\"\" loading=\"lazy\" srcset=\"https:\/\/villawolf.com\/wp-content\/uploads\/2021\/09\/italian-deco-300x85.png 300w, https:\/\/villawolf.com\/wp-content\/uploads\/2021\/09\/italian-deco-768x218.png 768w, https:\/\/villawolf.com\/wp-content\/uploads\/2021\/09\/italian-deco-18x5.png 18w, https:\/\/villawolf.com\/wp-content\/uploads\/2021\/09\/italian-deco.png 1016w\" sizes=\"(max-width: 300px) 100vw, 300px\" \/>\t\t\t\t\t\t\t\t\t\t\t\t\t\t\t<\/div>\n\t\t\t\t<\/div>\n\t\t\t\t<div class=\"elementor-element elementor-element-4745516e elementor-position-left elementor-vertical-align-top elementor-widget elementor-widget-image-box\" data-id=\"4745516e\" data-element_type=\"widget\" data-widget_type=\"image-box.default\">\n\t\t\t\t<div class=\"elementor-widget-container\">\n\t\t\t<style>\/*! elementor - v3.13.3 - 28-05-2023 *\/\n.elementor-widget-image-box .elementor-image-box-content{width:100%}@media (min-width:768px){.elementor-widget-image-box.elementor-position-left .elementor-image-box-wrapper,.elementor-widget-image-box.elementor-position-right .elementor-image-box-wrapper{display:flex}.elementor-widget-image-box.elementor-position-right .elementor-image-box-wrapper{text-align:right;flex-direction:row-reverse}.elementor-widget-image-box.elementor-position-left .elementor-image-box-wrapper{text-align:left;flex-direction:row}.elementor-widget-image-box.elementor-position-top .elementor-image-box-img{margin:auto}.elementor-widget-image-box.elementor-vertical-align-top .elementor-image-box-wrapper{align-items:flex-start}.elementor-widget-image-box.elementor-vertical-align-middle .elementor-image-box-wrapper{align-items:center}.elementor-widget-image-box.elementor-vertical-align-bottom .elementor-image-box-wrapper{align-items:flex-end}}@media (max-width:767px){.elementor-widget-image-box .elementor-image-box-img{margin-left:auto!important;margin-right:auto!important;margin-bottom:15px}}.elementor-widget-image-box .elementor-image-box-img{display:inline-block}.elementor-widget-image-box .elementor-image-box-title a{color:inherit}.elementor-widget-image-box .elementor-image-box-wrapper{text-align:center}.elementor-widget-image-box .elementor-image-box-description{margin:0}<\/style><div class=\"elementor-image-box-wrapper\"><figure class=\"elementor-image-box-img\"><img decoding=\"async\" width=\"1920\" height=\"1280\" src=\"https:\/\/villawolf.com\/wp-content\/uploads\/2021\/09\/Villa-Wolf-Harvest-02-30x20cm-300dpi-\u00a9-Villa-Wolf.jpg\" class=\"attachment-full size-full wp-image-171\" alt=\"\" loading=\"lazy\" srcset=\"https:\/\/villawolf.com\/wp-content\/uploads\/2021\/09\/Villa-Wolf-Harvest-02-30x20cm-300dpi-\u00a9-Villa-Wolf.jpg 1920w, https:\/\/villawolf.com\/wp-content\/uploads\/2021\/09\/Villa-Wolf-Harvest-02-30x20cm-300dpi-\u00a9-Villa-Wolf-300x200.jpg 300w, https:\/\/villawolf.com\/wp-content\/uploads\/2021\/09\/Villa-Wolf-Harvest-02-30x20cm-300dpi-\u00a9-Villa-Wolf-1024x683.jpg 1024w, https:\/\/villawolf.com\/wp-content\/uploads\/2021\/09\/Villa-Wolf-Harvest-02-30x20cm-300dpi-\u00a9-Villa-Wolf-768x512.jpg 768w, https:\/\/villawolf.com\/wp-content\/uploads\/2021\/09\/Villa-Wolf-Harvest-02-30x20cm-300dpi-\u00a9-Villa-Wolf-1536x1024.jpg 1536w, https:\/\/villawolf.com\/wp-content\/uploads\/2021\/09\/Villa-Wolf-Harvest-02-30x20cm-300dpi-\u00a9-Villa-Wolf-18x12.jpg 18w\" sizes=\"(max-width: 1920px) 100vw, 1920px\" \/><\/figure><div class=\"elementor-image-box-content\"><h3 class=\"elementor-image-box-title\">Vineyards \/ Harvest<\/h3><p class=\"elementor-image-box-description\">Since 2014, we have been cultivating our estate vineyards without artificial fertilizers, without herbicides or pesticides and exclusively by hand. For our site wines we use only healthy grape material, hand-picked -selected, and gently processed.\n\n<\/p><\/div><\/div>\t\t<\/div>\n\t\t\t\t<\/div>\n\t\t\t\t<div class=\"elementor-element elementor-element-9802c47 elementor-widget elementor-widget-global elementor-global-382 elementor-widget-image\" data-id=\"9802c47\" data-element_type=\"widget\" data-widget_type=\"image.default\">\n\t\t\t\t<div class=\"elementor-widget-container\">\n\t\t\t\t\t\t\t\t\t\t\t\t\t\t\t<img decoding=\"async\" width=\"300\" height=\"85\" src=\"https:\/\/villawolf.com\/wp-content\/uploads\/2021\/09\/italian-deco-300x85.png\" class=\"attachment-medium size-medium wp-image-150\" alt=\"\" loading=\"lazy\" srcset=\"https:\/\/villawolf.com\/wp-content\/uploads\/2021\/09\/italian-deco-300x85.png 300w, https:\/\/villawolf.com\/wp-content\/uploads\/2021\/09\/italian-deco-768x218.png 768w, https:\/\/villawolf.com\/wp-content\/uploads\/2021\/09\/italian-deco-18x5.png 18w, https:\/\/villawolf.com\/wp-content\/uploads\/2021\/09\/italian-deco.png 1016w\" sizes=\"(max-width: 300px) 100vw, 300px\" \/>\t\t\t\t\t\t\t\t\t\t\t\t\t\t\t<\/div>\n\t\t\t\t<\/div>\n\t\t\t\t<div class=\"elementor-element elementor-element-1094c2ba elementor-position-right elementor-vertical-align-top elementor-widget elementor-widget-image-box\" data-id=\"1094c2ba\" data-element_type=\"widget\" data-widget_type=\"image-box.default\">\n\t\t\t\t<div class=\"elementor-widget-container\">\n\t\t\t<div class=\"elementor-image-box-wrapper\"><figure class=\"elementor-image-box-img\"><img decoding=\"async\" width=\"1920\" height=\"1280\" src=\"https:\/\/villawolf.com\/wp-content\/uploads\/2021\/09\/Villa-Wolf-Mittelhaardt-Vineyards-30x20cm-300dpi-\u00a9-Villa-Wolf.jpg\" class=\"attachment-full size-full wp-image-71\" alt=\"\" loading=\"lazy\" srcset=\"https:\/\/villawolf.com\/wp-content\/uploads\/2021\/09\/Villa-Wolf-Mittelhaardt-Vineyards-30x20cm-300dpi-\u00a9-Villa-Wolf.jpg 1920w, https:\/\/villawolf.com\/wp-content\/uploads\/2021\/09\/Villa-Wolf-Mittelhaardt-Vineyards-30x20cm-300dpi-\u00a9-Villa-Wolf-300x200.jpg 300w, https:\/\/villawolf.com\/wp-content\/uploads\/2021\/09\/Villa-Wolf-Mittelhaardt-Vineyards-30x20cm-300dpi-\u00a9-Villa-Wolf-1024x683.jpg 1024w, https:\/\/villawolf.com\/wp-content\/uploads\/2021\/09\/Villa-Wolf-Mittelhaardt-Vineyards-30x20cm-300dpi-\u00a9-Villa-Wolf-768x512.jpg 768w, https:\/\/villawolf.com\/wp-content\/uploads\/2021\/09\/Villa-Wolf-Mittelhaardt-Vineyards-30x20cm-300dpi-\u00a9-Villa-Wolf-1536x1024.jpg 1536w, https:\/\/villawolf.com\/wp-content\/uploads\/2021\/09\/Villa-Wolf-Mittelhaardt-Vineyards-30x20cm-300dpi-\u00a9-Villa-Wolf-18x12.jpg 18w\" sizes=\"(max-width: 1920px) 100vw, 1920px\" \/><\/figure><div class=\"elementor-image-box-content\"><h3 class=\"elementor-image-box-title\">Climate \/ Terroir<\/h3><p class=\"elementor-image-box-description\">The unique regional climate of the Middle Haardt, the mineral-rich soils of limestone, basalt and sandstone, and the great age of the vines are the building blocks for the terroir of our vineyards. Their importance for the production of outstanding wines was recognized a long time ago: In 1828, the Royal Bavarian Government established a vineyard classification based on land tax, which is similar to the Grand Cru system in Burgundy, where Villa Wolf's vineyards can be found.<\/p><\/div><\/div>\t\t<\/div>\n\t\t\t\t<\/div>\n\t\t\t\t<div class=\"elementor-element elementor-element-f771aa7 elementor-widget elementor-widget-global elementor-global-382 elementor-widget-image\" data-id=\"f771aa7\" data-element_type=\"widget\" data-widget_type=\"image.default\">\n\t\t\t\t<div class=\"elementor-widget-container\">\n\t\t\t\t\t\t\t\t\t\t\t\t\t\t\t<img decoding=\"async\" width=\"300\" height=\"85\" src=\"https:\/\/villawolf.com\/wp-content\/uploads\/2021\/09\/italian-deco-300x85.png\" class=\"attachment-medium size-medium wp-image-150\" alt=\"\" loading=\"lazy\" srcset=\"https:\/\/villawolf.com\/wp-content\/uploads\/2021\/09\/italian-deco-300x85.png 300w, https:\/\/villawolf.com\/wp-content\/uploads\/2021\/09\/italian-deco-768x218.png 768w, https:\/\/villawolf.com\/wp-content\/uploads\/2021\/09\/italian-deco-18x5.png 18w, https:\/\/villawolf.com\/wp-content\/uploads\/2021\/09\/italian-deco.png 1016w\" sizes=\"(max-width: 300px) 100vw, 300px\" \/>\t\t\t\t\t\t\t\t\t\t\t\t\t\t\t<\/div>\n\t\t\t\t<\/div>\n\t\t\t\t<div class=\"elementor-element elementor-element-1c18e739 elementor-position-left elementor-vertical-align-top elementor-widget elementor-widget-image-box\" data-id=\"1c18e739\" data-element_type=\"widget\" data-widget_type=\"image-box.default\">\n\t\t\t\t<div class=\"elementor-widget-container\">\n\t\t\t<div class=\"elementor-image-box-wrapper\"><figure class=\"elementor-image-box-img\"><img decoding=\"async\" width=\"550\" height=\"400\" src=\"https:\/\/villawolf.com\/wp-content\/uploads\/2021\/09\/qualit_03-d870c90c.jpg\" class=\"attachment-full size-full wp-image-63\" alt=\"\" loading=\"lazy\" srcset=\"https:\/\/villawolf.com\/wp-content\/uploads\/2021\/09\/qualit_03-d870c90c.jpg 550w, https:\/\/villawolf.com\/wp-content\/uploads\/2021\/09\/qualit_03-d870c90c-300x218.jpg 300w, https:\/\/villawolf.com\/wp-content\/uploads\/2021\/09\/qualit_03-d870c90c-18x12.jpg 18w\" sizes=\"(max-width: 550px) 100vw, 550px\" \/><\/figure><div class=\"elementor-image-box-content\"><h3 class=\"elementor-image-box-title\">Vineyard Classifications<\/h3><p class=\"elementor-image-box-description\">Within the estate, we consciously fall back on the culturally and historically proven classification of the Royal Bavarian Government of 1828. In order to emphasize the importance of the vineyards and soils, only one dry wine per vineyard is vinified. Here we try to emphasize the site potential in the best possible way with the greatest possible ripeness. Also in the naming we have decided to follow the Burgundian system. Therefore, on the front label you will find only the producer, the vintage, the vineyard location and the grape variety. All the legal information can be found on the back label. Top sites, old vines and the associated low yields are the basis for the expressive and terroir-driven wines of the Villa Wolf winery. Especially the wines of the \"Gro\u00dfe Lage\" always need about 1-2 years after bottling to show their full potential.\n\n<\/p><\/div><\/div>\t\t<\/div>\n\t\t\t\t<\/div>\n\t\t\t\t<div class=\"elementor-element elementor-element-54addf7 elementor-widget elementor-widget-global elementor-global-382 elementor-widget-image\" data-id=\"54addf7\" data-element_type=\"widget\" data-widget_type=\"image.default\">\n\t\t\t\t<div class=\"elementor-widget-container\">\n\t\t\t\t\t\t\t\t\t\t\t\t\t\t\t<img decoding=\"async\" width=\"300\" height=\"85\" src=\"https:\/\/villawolf.com\/wp-content\/uploads\/2021\/09\/italian-deco-300x85.png\" class=\"attachment-medium size-medium wp-image-150\" alt=\"\" loading=\"lazy\" srcset=\"https:\/\/villawolf.com\/wp-content\/uploads\/2021\/09\/italian-deco-300x85.png 300w, https:\/\/villawolf.com\/wp-content\/uploads\/2021\/09\/italian-deco-768x218.png 768w, https:\/\/villawolf.com\/wp-content\/uploads\/2021\/09\/italian-deco-18x5.png 18w, https:\/\/villawolf.com\/wp-content\/uploads\/2021\/09\/italian-deco.png 1016w\" sizes=\"(max-width: 300px) 100vw, 300px\" \/>\t\t\t\t\t\t\t\t\t\t\t\t\t\t\t<\/div>\n\t\t\t\t<\/div>\n\t\t\t\t<div class=\"elementor-element elementor-element-75791ab elementor-position-right elementor-vertical-align-top elementor-widget elementor-widget-image-box\" data-id=\"75791ab\" data-element_type=\"widget\" data-widget_type=\"image-box.default\">\n\t\t\t\t<div class=\"elementor-widget-container\">\n\t\t\t<div class=\"elementor-image-box-wrapper\"><figure class=\"elementor-image-box-img\"><img decoding=\"async\" width=\"1920\" height=\"1280\" src=\"https:\/\/villawolf.com\/wp-content\/uploads\/2021\/09\/Villa-Wolf-Barrique-02-30x20cm-300dpi-\u00a9-Villa-Wolf-Leigh-Ann-Beverley.jpg\" class=\"attachment-full size-full wp-image-166\" alt=\"\" loading=\"lazy\" srcset=\"https:\/\/villawolf.com\/wp-content\/uploads\/2021\/09\/Villa-Wolf-Barrique-02-30x20cm-300dpi-\u00a9-Villa-Wolf-Leigh-Ann-Beverley.jpg 1920w, https:\/\/villawolf.com\/wp-content\/uploads\/2021\/09\/Villa-Wolf-Barrique-02-30x20cm-300dpi-\u00a9-Villa-Wolf-Leigh-Ann-Beverley-300x200.jpg 300w, https:\/\/villawolf.com\/wp-content\/uploads\/2021\/09\/Villa-Wolf-Barrique-02-30x20cm-300dpi-\u00a9-Villa-Wolf-Leigh-Ann-Beverley-1024x683.jpg 1024w, https:\/\/villawolf.com\/wp-content\/uploads\/2021\/09\/Villa-Wolf-Barrique-02-30x20cm-300dpi-\u00a9-Villa-Wolf-Leigh-Ann-Beverley-768x512.jpg 768w, https:\/\/villawolf.com\/wp-content\/uploads\/2021\/09\/Villa-Wolf-Barrique-02-30x20cm-300dpi-\u00a9-Villa-Wolf-Leigh-Ann-Beverley-1536x1024.jpg 1536w, https:\/\/villawolf.com\/wp-content\/uploads\/2021\/09\/Villa-Wolf-Barrique-02-30x20cm-300dpi-\u00a9-Villa-Wolf-Leigh-Ann-Beverley-18x12.jpg 18w\" sizes=\"(max-width: 1920px) 100vw, 1920px\" \/><\/figure><div class=\"elementor-image-box-content\"><h3 class=\"elementor-image-box-title\">Cellar<\/h3><p class=\"elementor-image-box-description\">In the cellar, we work with old oak barrels for our single-vineyard wines and allow our great Rieslings long aging on the full lees. For many years now, we have also been working with acacia wood barrels, which give the wines a special, fine polish.<\/p><\/div><\/div>\t\t<\/div>\n\t\t\t\t<\/div>\n\t\t\t\t<div class=\"elementor-element elementor-element-453c6b6 elementor-widget elementor-widget-image\" data-id=\"453c6b6\" data-element_type=\"widget\" data-widget_type=\"image.default\">\n\t\t\t\t<div class=\"elementor-widget-container\">\n\t\t\t\t\t\t\t\t\t\t\t\t\t\t\t<img decoding=\"async\" width=\"300\" height=\"85\" src=\"https:\/\/villawolf.com\/wp-content\/uploads\/2021\/09\/italian-deco-300x85.png\" class=\"attachment-medium size-medium wp-image-150\" alt=\"\" loading=\"lazy\" srcset=\"https:\/\/villawolf.com\/wp-content\/uploads\/2021\/09\/italian-deco-300x85.png 300w, https:\/\/villawolf.com\/wp-content\/uploads\/2021\/09\/italian-deco-768x218.png 768w, https:\/\/villawolf.com\/wp-content\/uploads\/2021\/09\/italian-deco-18x5.png 18w, https:\/\/villawolf.com\/wp-content\/uploads\/2021\/09\/italian-deco.png 1016w\" sizes=\"(max-width: 300px) 100vw, 300px\" \/>\t\t\t\t\t\t\t\t\t\t\t\t\t\t\t<\/div>\n\t\t\t\t<\/div>\n\t\t\t\t<div class=\"elementor-element elementor-element-dab1cd8 elementor-align-center elementor-widget elementor-widget-button\" data-id=\"dab1cd8\" data-element_type=\"widget\" data-widget_type=\"button.default\">\n\t\t\t\t<div class=\"elementor-widget-container\">\n\t\t\t\t\t<div class=\"elementor-button-wrapper\">\n\t\t\t<a href=\"https:\/\/villawolf.com\/en\/ueber-uns\/ueber-villa-wolf\/\" class=\"elementor-button-link elementor-button elementor-size-md\" role=\"button\">\n\t\t\t\t\t\t<span class=\"elementor-button-content-wrapper\">\n\t\t\t\t\t\t<span class=\"elementor-button-text\">About Villa Wolf<\/span>\n\t\t<\/span>\n\t\t\t\t\t<\/a>\n\t\t<\/div>\n\t\t\t\t<\/div>\n\t\t\t\t<\/div>\n\t\t\t\t\t<\/div>\n\t\t<\/div>\n\t\t\t\t<div class=\"elementor-column elementor-col-33 elementor-top-column elementor-element elementor-element-36597748\" data-id=\"36597748\" data-element_type=\"column\">\n\t\t\t<div class=\"elementor-widget-wrap\">\n\t\t\t\t\t\t\t\t\t<\/div>\n\t\t<\/div>\n\t\t\t\t\t\t\t<\/div>\n\t\t<\/section>\n\t\t\t\t\t\t\t<\/div>","protected":false},"excerpt":{"rendered":"<p>QUALIT\u00c4TSFAKTOREN Weinberge \/ Lese Seit 2014 bewirtschaften wir unsere gutseigenen Weinberge ohne k\u00fcnstliche D\u00fcnger, ohne Herbizide oder Pestizide und ausschlie\u00dflich von Hand. F\u00fcr unsere Lagenweine verwenden wir nur gesundes Traubenmaterial, handgelesen und -selektiert, schonend verarbeitet. Klima \/ Terroir Das einzigartige regionale Klima der Mittleren Haardt, die mineralreichen B\u00f6den aus Kalk-, Basalt- und Sandstein sowie das [&hellip;]<\/p>","protected":false},"author":5,"featured_media":0,"parent":97,"menu_order":0,"comment_status":"closed","ping_status":"closed","template":"elementor_header_footer","meta":[],"_links":{"self":[{"href":"https:\/\/villawolf.com\/en\/wp-json\/wp\/v2\/pages\/99"}],"collection":[{"href":"https:\/\/villawolf.com\/en\/wp-json\/wp\/v2\/pages"}],"about":[{"href":"https:\/\/villawolf.com\/en\/wp-json\/wp\/v2\/types\/page"}],"author":[{"embeddable":true,"href":"https:\/\/villawolf.com\/en\/wp-json\/wp\/v2\/users\/5"}],"replies":[{"embeddable":true,"href":"https:\/\/villawolf.com\/en\/wp-json\/wp\/v2\/comments?post=99"}],"version-history":[{"count":34,"href":"https:\/\/villawolf.com\/en\/wp-json\/wp\/v2\/pages\/99\/revisions"}],"predecessor-version":[{"id":638,"href":"https:\/\/villawolf.com\/en\/wp-json\/wp\/v2\/pages\/99\/revisions\/638"}],"up":[{"embeddable":true,"href":"https:\/\/villawolf.com\/en\/wp-json\/wp\/v2\/pages\/97"}],"wp:attachment":[{"href":"https:\/\/villawolf.com\/en\/wp-json\/wp\/v2\/media?parent=99"}],"curies":[{"name":"wp","href":"https:\/\/api.w.org\/{rel}","templated":true}]}}