{"id":143,"date":"2021-09-10T09:41:41","date_gmt":"2021-09-10T07:41:41","guid":{"rendered":"https:\/\/villawolf.com\/?page_id=143"},"modified":"2023-06-14T06:02:23","modified_gmt":"2023-06-14T04:02:23","slug":"heim","status":"publish","type":"page","link":"https:\/\/villawolf.com\/en\/","title":{"rendered":"Heim"},"content":{"rendered":"<div data-elementor-type=\"wp-page\" data-elementor-id=\"143\" class=\"elementor elementor-143\">\n\t\t\t\t\t\t\t\t\t<section class=\"elementor-section elementor-top-section elementor-element elementor-element-b41f7a5 elementor-section-full_width elementor-section-height-default elementor-section-height-default\" data-id=\"b41f7a5\" data-element_type=\"section\">\n\t\t\t\t\t\t<div class=\"elementor-container elementor-column-gap-default\">\n\t\t\t\t\t<div class=\"elementor-column elementor-col-100 elementor-top-column elementor-element elementor-element-97f2c1a\" data-id=\"97f2c1a\" data-element_type=\"column\">\n\t\t\t<div class=\"elementor-widget-wrap elementor-element-populated\">\n\t\t\t\t\t\t\t\t<div class=\"elementor-element elementor-element-98518c2 elementor-cta--skin-cover elementor-cta--valign-bottom elementor-widget__width-inherit elementor-widget elementor-widget-call-to-action\" data-id=\"98518c2\" data-element_type=\"widget\" data-widget_type=\"call-to-action.default\">\n\t\t\t\t<div class=\"elementor-widget-container\">\n\t\t\t<link rel=\"stylesheet\" href=\"https:\/\/villawolf.com\/wp-content\/plugins\/elementor-pro\/assets\/css\/widget-call-to-action.min.css\">\t\t<div class=\"elementor-cta\">\n\t\t\t\t\t<div class=\"elementor-cta__bg-wrapper\">\n\t\t\t\t<div class=\"elementor-cta__bg elementor-bg\" style=\"background-image: url(https:\/\/villawolf.com\/wp-content\/uploads\/2021\/09\/Villa-Wolf-05-30x20cm-300dpi-\u00a9-Villa-Wolf-photo-Leigh-Ann-Beverley-1.jpg);\" role=\"img\" aria-label=\"Villa Wolf 05 30x20cm 300dpi \u00a9 Villa Wolf photo Leigh-Ann Beverley\"><\/div>\n\t\t\t\t<div class=\"elementor-cta__bg-overlay\"><\/div>\n\t\t\t<\/div>\n\t\t\t\t\t\t\t<div class=\"elementor-cta__content\">\n\t\t\t\t\n\t\t\t\t<h1 class=\"elementor-cta__title elementor-cta__content-item elementor-content-item\"><br>IN WACHENHEIM ON THE WEINSTRASSE<\/h1>\n\t\t\t\t\n\t\t\t\t\t\t\t\t\t<div class=\"elementor-cta__button-wrapper elementor-cta__content-item elementor-content-item\">\n\t\t\t\t\t<a class=\"elementor-cta__button elementor-button elementor-size-sm\" href=\"https:\/\/villawolf.com\/en\/ueber-uns\/\">\n\t\t\t\t\t\tABOUT US\t\t\t\t\t<\/a>\n\t\t\t\t\t<\/div>\n\t\t\t\t\t\t\t<\/div>\n\t\t\t\t\t\t<\/div>\n\t\t\t\t<\/div>\n\t\t\t\t<\/div>\n\t\t\t\t<div class=\"elementor-element elementor-element-25d8e8c elementor-widget elementor-widget-spacer\" data-id=\"25d8e8c\" data-element_type=\"widget\" data-widget_type=\"spacer.default\">\n\t\t\t\t<div class=\"elementor-widget-container\">\n\t\t\t<style>\/*! elementor - v3.13.3 - 28-05-2023 *\/\n.elementor-column .elementor-spacer-inner{height:var(--spacer-size)}.e-con{--container-widget-width:100%}.e-con-inner>.elementor-widget-spacer,.e-con>.elementor-widget-spacer{width:var(--container-widget-width,var(--spacer-size));--align-self:var(--container-widget-align-self,initial);--flex-shrink:0}.e-con-inner>.elementor-widget-spacer>.elementor-widget-container,.e-con-inner>.elementor-widget-spacer>.elementor-widget-container>.elementor-spacer,.e-con>.elementor-widget-spacer>.elementor-widget-container,.e-con>.elementor-widget-spacer>.elementor-widget-container>.elementor-spacer{height:100%}.e-con-inner>.elementor-widget-spacer>.elementor-widget-container>.elementor-spacer>.elementor-spacer-inner,.e-con>.elementor-widget-spacer>.elementor-widget-container>.elementor-spacer>.elementor-spacer-inner{height:var(--container-widget-height,var(--spacer-size))}<\/style>\t\t<div class=\"elementor-spacer\">\n\t\t\t<div class=\"elementor-spacer-inner\"><\/div>\n\t\t<\/div>\n\t\t\t\t<\/div>\n\t\t\t\t<\/div>\n\t\t\t\t\t<\/div>\n\t\t<\/div>\n\t\t\t\t\t\t\t<\/div>\n\t\t<\/section>\n\t\t\t\t<section class=\"elementor-section elementor-top-section elementor-element elementor-element-7b7f5738 elementor-section-full_width elementor-section-height-default elementor-section-height-default\" data-id=\"7b7f5738\" data-element_type=\"section\">\n\t\t\t\t\t\t<div class=\"elementor-container elementor-column-gap-default\">\n\t\t\t\t\t<div class=\"elementor-column elementor-col-33 elementor-top-column elementor-element elementor-element-274470e6\" data-id=\"274470e6\" data-element_type=\"column\">\n\t\t\t<div class=\"elementor-widget-wrap\">\n\t\t\t\t\t\t\t\t\t<\/div>\n\t\t<\/div>\n\t\t\t\t<div class=\"elementor-column elementor-col-33 elementor-top-column elementor-element elementor-element-69954bee\" data-id=\"69954bee\" data-element_type=\"column\">\n\t\t\t<div class=\"elementor-widget-wrap elementor-element-populated\">\n\t\t\t\t\t\t\t\t<div class=\"elementor-element elementor-element-12621e3 elementor-widget elementor-widget-image\" data-id=\"12621e3\" data-element_type=\"widget\" data-widget_type=\"image.default\">\n\t\t\t\t<div class=\"elementor-widget-container\">\n\t\t\t<style>\/*! elementor - v3.13.3 - 28-05-2023 *\/\n.elementor-widget-image{text-align:center}.elementor-widget-image a{display:inline-block}.elementor-widget-image a img[src$=\".svg\"]{width:48px}.elementor-widget-image img{vertical-align:middle;display:inline-block}<\/style>\t\t\t\t\t\t\t\t\t\t\t\t<img decoding=\"async\" width=\"1016\" height=\"288\" src=\"https:\/\/villawolf.com\/wp-content\/uploads\/2021\/09\/italian-deco.png\" class=\"attachment-full size-full wp-image-150\" alt=\"\" loading=\"lazy\" srcset=\"https:\/\/villawolf.com\/wp-content\/uploads\/2021\/09\/italian-deco.png 1016w, https:\/\/villawolf.com\/wp-content\/uploads\/2021\/09\/italian-deco-300x85.png 300w, https:\/\/villawolf.com\/wp-content\/uploads\/2021\/09\/italian-deco-768x218.png 768w, https:\/\/villawolf.com\/wp-content\/uploads\/2021\/09\/italian-deco-18x5.png 18w\" sizes=\"(max-width: 1016px) 100vw, 1016px\" \/>\t\t\t\t\t\t\t\t\t\t\t\t\t\t\t<\/div>\n\t\t\t\t<\/div>\n\t\t\t\t<div class=\"elementor-element elementor-element-3ce8b338 elementor-widget elementor-widget-text-editor\" data-id=\"3ce8b338\" data-element_type=\"widget\" data-widget_type=\"text-editor.default\">\n\t\t\t\t<div class=\"elementor-widget-container\">\n\t\t\t<style>\/*! elementor - v3.13.3 - 28-05-2023 *\/\n.elementor-widget-text-editor.elementor-drop-cap-view-stacked .elementor-drop-cap{background-color:#69727d;color:#fff}.elementor-widget-text-editor.elementor-drop-cap-view-framed .elementor-drop-cap{color:#69727d;border:3px solid;background-color:transparent}.elementor-widget-text-editor:not(.elementor-drop-cap-view-default) .elementor-drop-cap{margin-top:8px}.elementor-widget-text-editor:not(.elementor-drop-cap-view-default) .elementor-drop-cap-letter{width:1em;height:1em}.elementor-widget-text-editor .elementor-drop-cap{float:left;text-align:center;line-height:1;font-size:50px}.elementor-widget-text-editor .elementor-drop-cap-letter{display:inline-block}<\/style>\t\t\t\t<p>In the northern Pfalz, in Wachenheim, on the edge of the Mittelhaardt, you will find our traditional winery, whose roots go back deep into the history of Palatinate viticulture. When Ernst Loosen took over the winery in 1996, it already had an eventful, almost 250-year history behind it. But it was the prospect of producing great, dry wines that attracted him to the Pfalz region. We believe that Villa Wolf offers the best conditions for this. The famous sites in Forst and Wachenheim produce wines with exceptional elegance and minerality.<\/p>\t\t\t\t\t\t<\/div>\n\t\t\t\t<\/div>\n\t\t\t\t<div class=\"elementor-element elementor-element-73eb9af elementor-widget elementor-widget-image\" data-id=\"73eb9af\" data-element_type=\"widget\" data-widget_type=\"image.default\">\n\t\t\t\t<div class=\"elementor-widget-container\">\n\t\t\t\t\t\t\t\t\t\t\t\t\t\t\t<img decoding=\"async\" width=\"1016\" height=\"288\" src=\"https:\/\/villawolf.com\/wp-content\/uploads\/2021\/09\/italian-deco.png\" class=\"attachment-full size-full wp-image-150\" alt=\"\" loading=\"lazy\" srcset=\"https:\/\/villawolf.com\/wp-content\/uploads\/2021\/09\/italian-deco.png 1016w, https:\/\/villawolf.com\/wp-content\/uploads\/2021\/09\/italian-deco-300x85.png 300w, https:\/\/villawolf.com\/wp-content\/uploads\/2021\/09\/italian-deco-768x218.png 768w, https:\/\/villawolf.com\/wp-content\/uploads\/2021\/09\/italian-deco-18x5.png 18w\" sizes=\"(max-width: 1016px) 100vw, 1016px\" \/>\t\t\t\t\t\t\t\t\t\t\t\t\t\t\t<\/div>\n\t\t\t\t<\/div>\n\t\t\t\t<div class=\"elementor-element elementor-element-914baf4 elementor-widget elementor-widget-spacer\" data-id=\"914baf4\" data-element_type=\"widget\" data-widget_type=\"spacer.default\">\n\t\t\t\t<div class=\"elementor-widget-container\">\n\t\t\t\t\t<div class=\"elementor-spacer\">\n\t\t\t<div class=\"elementor-spacer-inner\"><\/div>\n\t\t<\/div>\n\t\t\t\t<\/div>\n\t\t\t\t<\/div>\n\t\t\t\t\t<\/div>\n\t\t<\/div>\n\t\t\t\t<div class=\"elementor-column elementor-col-33 elementor-top-column elementor-element elementor-element-4f22a606\" data-id=\"4f22a606\" data-element_type=\"column\">\n\t\t\t<div class=\"elementor-widget-wrap elementor-element-populated\">\n\t\t\t\t\t\t\t\t<div class=\"elementor-element elementor-element-877ac8d elementor-hidden-phone elementor-widget elementor-widget-spacer\" data-id=\"877ac8d\" data-element_type=\"widget\" data-widget_type=\"spacer.default\">\n\t\t\t\t<div class=\"elementor-widget-container\">\n\t\t\t\t\t<div class=\"elementor-spacer\">\n\t\t\t<div class=\"elementor-spacer-inner\"><\/div>\n\t\t<\/div>\n\t\t\t\t<\/div>\n\t\t\t\t<\/div>\n\t\t\t\t\t<\/div>\n\t\t<\/div>\n\t\t\t\t\t\t\t<\/div>\n\t\t<\/section>\n\t\t\t\t<section class=\"elementor-section elementor-top-section elementor-element elementor-element-8f8bed4 elementor-section-full_width elementor-section-height-default elementor-section-height-default\" data-id=\"8f8bed4\" data-element_type=\"section\">\n\t\t\t\t\t\t<div class=\"elementor-container elementor-column-gap-default\">\n\t\t\t\t\t<div class=\"elementor-column elementor-col-100 elementor-top-column elementor-element elementor-element-5ca9de6\" data-id=\"5ca9de6\" data-element_type=\"column\">\n\t\t\t<div class=\"elementor-widget-wrap elementor-element-populated\">\n\t\t\t\t\t\t\t\t<div class=\"elementor-element elementor-element-284cb1f elementor-cta--skin-cover elementor-cta--valign-middle elementor-widget__width-inherit elementor-animated-content elementor-bg-transform elementor-bg-transform-zoom-in elementor-widget elementor-widget-call-to-action\" data-id=\"284cb1f\" data-element_type=\"widget\" data-widget_type=\"call-to-action.default\">\n\t\t\t\t<div class=\"elementor-widget-container\">\n\t\t\t\t\t<a class=\"elementor-cta\" href=\"https:\/\/villawolf.com\/en\/weingutsbesuch\/\">\n\t\t\t\t\t<div class=\"elementor-cta__bg-wrapper\">\n\t\t\t\t<div class=\"elementor-cta__bg elementor-bg\" style=\"background-image: url(https:\/\/villawolf.com\/wp-content\/uploads\/2021\/09\/Villa-Wolf-Tasting-Room-Villa-30x20cm-300dpi-\u00a9-Villa-Wolf-1.jpg);\" role=\"img\" aria-label=\"Villa Wolf Tasting Room Villa 30x20cm 300dpi \u00a9 Villa Wolf\"><\/div>\n\t\t\t\t<div class=\"elementor-cta__bg-overlay\"><\/div>\n\t\t\t<\/div>\n\t\t\t\t\t\t\t<div class=\"elementor-cta__content\">\n\t\t\t\t\n\t\t\t\t\n\t\t\t\t\n\t\t\t\t\t\t\t\t\t<div class=\"elementor-cta__button-wrapper elementor-cta__content-item elementor-content-item elementor-animated-item--grow\">\n\t\t\t\t\t<span class=\"elementor-cta__button elementor-button elementor-size-md\">\n\t\t\t\t\t\tWINE TASTING\t\t\t\t\t<\/span>\n\t\t\t\t\t<\/div>\n\t\t\t\t\t\t\t<\/div>\n\t\t\t\t\t\t<\/a>\n\t\t\t\t<\/div>\n\t\t\t\t<\/div>\n\t\t\t\t\t<\/div>\n\t\t<\/div>\n\t\t\t\t\t\t\t<\/div>\n\t\t<\/section>\n\t\t\t\t<section class=\"elementor-section elementor-top-section elementor-element elementor-element-176a72d elementor-section-boxed elementor-section-height-default elementor-section-height-default\" data-id=\"176a72d\" data-element_type=\"section\">\n\t\t\t\t\t\t<div class=\"elementor-container elementor-column-gap-default\">\n\t\t\t\t\t<div class=\"elementor-column elementor-col-100 elementor-top-column elementor-element elementor-element-12aefc2\" data-id=\"12aefc2\" data-element_type=\"column\">\n\t\t\t<div class=\"elementor-widget-wrap elementor-element-populated\">\n\t\t\t\t\t\t\t\t<div class=\"elementor-element elementor-element-f0bc607 elementor-widget elementor-widget-image\" data-id=\"f0bc607\" data-element_type=\"widget\" data-widget_type=\"image.default\">\n\t\t\t\t<div class=\"elementor-widget-container\">\n\t\t\t\t\t\t\t\t\t\t\t\t\t\t\t<img decoding=\"async\" width=\"1016\" height=\"288\" src=\"https:\/\/villawolf.com\/wp-content\/uploads\/2021\/09\/italian-deco.png\" class=\"attachment-full size-full wp-image-150\" alt=\"\" loading=\"lazy\" srcset=\"https:\/\/villawolf.com\/wp-content\/uploads\/2021\/09\/italian-deco.png 1016w, https:\/\/villawolf.com\/wp-content\/uploads\/2021\/09\/italian-deco-300x85.png 300w, https:\/\/villawolf.com\/wp-content\/uploads\/2021\/09\/italian-deco-768x218.png 768w, https:\/\/villawolf.com\/wp-content\/uploads\/2021\/09\/italian-deco-18x5.png 18w\" sizes=\"(max-width: 1016px) 100vw, 1016px\" \/>\t\t\t\t\t\t\t\t\t\t\t\t\t\t\t<\/div>\n\t\t\t\t<\/div>\n\t\t\t\t<div class=\"elementor-element elementor-element-6791dcc elementor-widget elementor-widget-text-editor\" data-id=\"6791dcc\" data-element_type=\"widget\" data-widget_type=\"text-editor.default\">\n\t\t\t\t<div class=\"elementor-widget-container\">\n\t\t\t\t\t\t\t<p>Unser Unternehmen Weingut Villa Wolf erh\u00e4lt im Rahmen des vom Ministerium f\u00fcr Wirtschaft, Verkehr, Landwirtschaft und Weinbau verwalteten rheinland-pf\u00e4lzischen Entwicklungsprogramms \u201eUmweltma\u00dfnahmen, L\u00e4ndliche Entwicklung, Landwirtschaft, Ern\u00e4hrung\u201c (EULLE) durch den Europ\u00e4ischen Landwirtschaftsfonds f\u00fcr die Entwicklung des l\u00e4ndlichen Raums (ELER) kofinanziert durch das Land und den Bund im Rahmen der Gemeinschaftsaufgabe \u201eVerbesserung der Agrarstruktur und des K\u00fcstenschutzes\u201c (GAK) eine F\u00f6rderung f\u00fcr seine Leistungen:<\/p><p>Im \u00d6kologischen Landbau\u00a0<\/p>\t\t\t\t\t\t<\/div>\n\t\t\t\t<\/div>\n\t\t\t\t\t<\/div>\n\t\t<\/div>\n\t\t\t\t\t\t\t<\/div>\n\t\t<\/section>\n\t\t\t\t<section class=\"elementor-section elementor-top-section elementor-element elementor-element-6b75417 elementor-section-boxed elementor-section-height-default elementor-section-height-default\" data-id=\"6b75417\" data-element_type=\"section\">\n\t\t\t\t\t\t<div class=\"elementor-container elementor-column-gap-default\">\n\t\t\t\t\t<div class=\"elementor-column elementor-col-100 elementor-top-column elementor-element elementor-element-12fd543\" data-id=\"12fd543\" data-element_type=\"column\">\n\t\t\t<div class=\"elementor-widget-wrap elementor-element-populated\">\n\t\t\t\t\t\t\t\t<div class=\"elementor-element elementor-element-f715237 elementor-widget elementor-widget-image\" data-id=\"f715237\" data-element_type=\"widget\" data-widget_type=\"image.default\">\n\t\t\t\t<div class=\"elementor-widget-container\">\n\t\t\t\t\t\t\t\t\t\t\t\t\t\t\t<img decoding=\"async\" width=\"768\" height=\"90\" src=\"https:\/\/villawolf.com\/wp-content\/uploads\/2022\/08\/GAK-768x90.jpg\" class=\"attachment-medium_large size-medium_large wp-image-894\" alt=\"\" loading=\"lazy\" srcset=\"https:\/\/villawolf.com\/wp-content\/uploads\/2022\/08\/GAK-768x90.jpg 768w, https:\/\/villawolf.com\/wp-content\/uploads\/2022\/08\/GAK-300x35.jpg 300w, https:\/\/villawolf.com\/wp-content\/uploads\/2022\/08\/GAK-1024x120.jpg 1024w, https:\/\/villawolf.com\/wp-content\/uploads\/2022\/08\/GAK-18x2.jpg 18w, https:\/\/villawolf.com\/wp-content\/uploads\/2022\/08\/GAK.jpg 1458w\" sizes=\"(max-width: 768px) 100vw, 768px\" \/>\t\t\t\t\t\t\t\t\t\t\t\t\t\t\t<\/div>\n\t\t\t\t<\/div>\n\t\t\t\t\t<\/div>\n\t\t<\/div>\n\t\t\t\t\t\t\t<\/div>\n\t\t<\/section>\n\t\t\t\t\t\t\t<\/div>","protected":false},"excerpt":{"rendered":"<p>IN WACHENHEIM AN DER WEINSTRA\u00dfE \u00dcBER UNS In der n\u00f6rdlichen Pfalz, in Wachenheim, am Rande der Mittelhaardt gelegen, findet sich unser traditionsreiches Weingut, dessen Wurzeln tief in die Geschichte des Pf\u00e4lzer Weinbaus zur\u00fcckreichen. Als Ernst Loosen das Weingut 1996 \u00fcbernahm, hatte es bereits eine bewegte, fast 250-j\u00e4hrige Geschichte hinter sich. Aber weniger diese, als die [&hellip;]<\/p>","protected":false},"author":5,"featured_media":0,"parent":0,"menu_order":0,"comment_status":"closed","ping_status":"closed","template":"elementor_header_footer","meta":[],"_links":{"self":[{"href":"https:\/\/villawolf.com\/en\/wp-json\/wp\/v2\/pages\/143"}],"collection":[{"href":"https:\/\/villawolf.com\/en\/wp-json\/wp\/v2\/pages"}],"about":[{"href":"https:\/\/villawolf.com\/en\/wp-json\/wp\/v2\/types\/page"}],"author":[{"embeddable":true,"href":"https:\/\/villawolf.com\/en\/wp-json\/wp\/v2\/users\/5"}],"replies":[{"embeddable":true,"href":"https:\/\/villawolf.com\/en\/wp-json\/wp\/v2\/comments?post=143"}],"version-history":[{"count":110,"href":"https:\/\/villawolf.com\/en\/wp-json\/wp\/v2\/pages\/143\/revisions"}],"predecessor-version":[{"id":935,"href":"https:\/\/villawolf.com\/en\/wp-json\/wp\/v2\/pages\/143\/revisions\/935"}],"wp:attachment":[{"href":"https:\/\/villawolf.com\/en\/wp-json\/wp\/v2\/media?parent=143"}],"curies":[{"name":"wp","href":"https:\/\/api.w.org\/{rel}","templated":true}]}}