{"id":122,"date":"2021-09-21T10:06:10","date_gmt":"2021-09-21T08:06:10","guid":{"rendered":"https:\/\/villawolf.com\/?page_id=122"},"modified":"2021-09-21T11:11:22","modified_gmt":"2021-09-21T09:11:22","slug":"impressum","status":"publish","type":"page","link":"https:\/\/villawolf.com\/en\/impressum\/","title":{"rendered":"IMPRESSUM"},"content":{"rendered":"<div data-elementor-type=\"wp-page\" data-elementor-id=\"122\" class=\"elementor elementor-122\">\n\t\t\t\t\t\t\t\t\t<section class=\"elementor-section elementor-top-section elementor-element elementor-element-1d51f322 elementor-section-full_width elementor-section-height-default elementor-section-height-default\" data-id=\"1d51f322\" data-element_type=\"section\">\n\t\t\t\t\t\t<div class=\"elementor-container elementor-column-gap-default\">\n\t\t\t\t\t<div class=\"elementor-column elementor-col-33 elementor-top-column elementor-element elementor-element-4d1812c3\" data-id=\"4d1812c3\" data-element_type=\"column\">\n\t\t\t<div class=\"elementor-widget-wrap elementor-element-populated\">\n\t\t\t\t\t\t\t\t<div class=\"elementor-element elementor-element-45d75010 elementor-hidden-phone elementor-widget elementor-widget-image\" data-id=\"45d75010\" data-element_type=\"widget\" data-widget_type=\"image.default\">\n\t\t\t\t<div class=\"elementor-widget-container\">\n\t\t\t<style>\/*! elementor - v3.13.3 - 28-05-2023 *\/\n.elementor-widget-image{text-align:center}.elementor-widget-image a{display:inline-block}.elementor-widget-image a img[src$=\".svg\"]{width:48px}.elementor-widget-image img{vertical-align:middle;display:inline-block}<\/style>\t\t\t\t\t\t\t\t\t\t\t\t<img decoding=\"async\" width=\"300\" height=\"298\" src=\"https:\/\/villawolf.com\/wp-content\/uploads\/2021\/09\/stuck-e1620385679747-300x298.png\" class=\"attachment-medium size-medium wp-image-37\" alt=\"\" loading=\"lazy\" srcset=\"https:\/\/villawolf.com\/wp-content\/uploads\/2021\/09\/stuck-e1620385679747-300x298.png 300w, https:\/\/villawolf.com\/wp-content\/uploads\/2021\/09\/stuck-e1620385679747-150x150.png 150w, https:\/\/villawolf.com\/wp-content\/uploads\/2021\/09\/stuck-e1620385679747-12x12.png 12w, https:\/\/villawolf.com\/wp-content\/uploads\/2021\/09\/stuck-e1620385679747.png 412w\" sizes=\"(max-width: 300px) 100vw, 300px\" \/>\t\t\t\t\t\t\t\t\t\t\t\t\t\t\t<\/div>\n\t\t\t\t<\/div>\n\t\t\t\t\t<\/div>\n\t\t<\/div>\n\t\t\t\t<div class=\"elementor-column elementor-col-33 elementor-top-column elementor-element elementor-element-397c75dc\" data-id=\"397c75dc\" data-element_type=\"column\">\n\t\t\t<div class=\"elementor-widget-wrap elementor-element-populated\">\n\t\t\t\t\t\t\t\t<div class=\"elementor-element elementor-element-248ee11 elementor-hidden-phone elementor-widget elementor-widget-spacer\" data-id=\"248ee11\" data-element_type=\"widget\" data-widget_type=\"spacer.default\">\n\t\t\t\t<div class=\"elementor-widget-container\">\n\t\t\t<style>\/*! elementor - v3.13.3 - 28-05-2023 *\/\n.elementor-column .elementor-spacer-inner{height:var(--spacer-size)}.e-con{--container-widget-width:100%}.e-con-inner>.elementor-widget-spacer,.e-con>.elementor-widget-spacer{width:var(--container-widget-width,var(--spacer-size));--align-self:var(--container-widget-align-self,initial);--flex-shrink:0}.e-con-inner>.elementor-widget-spacer>.elementor-widget-container,.e-con-inner>.elementor-widget-spacer>.elementor-widget-container>.elementor-spacer,.e-con>.elementor-widget-spacer>.elementor-widget-container,.e-con>.elementor-widget-spacer>.elementor-widget-container>.elementor-spacer{height:100%}.e-con-inner>.elementor-widget-spacer>.elementor-widget-container>.elementor-spacer>.elementor-spacer-inner,.e-con>.elementor-widget-spacer>.elementor-widget-container>.elementor-spacer>.elementor-spacer-inner{height:var(--container-widget-height,var(--spacer-size))}<\/style>\t\t<div class=\"elementor-spacer\">\n\t\t\t<div class=\"elementor-spacer-inner\"><\/div>\n\t\t<\/div>\n\t\t\t\t<\/div>\n\t\t\t\t<\/div>\n\t\t\t\t<div class=\"elementor-element elementor-element-42e9c95 elementor-widget elementor-widget-heading\" data-id=\"42e9c95\" data-element_type=\"widget\" data-widget_type=\"heading.default\">\n\t\t\t\t<div class=\"elementor-widget-container\">\n\t\t\t<style>\/*! elementor - v3.13.3 - 28-05-2023 *\/\n.elementor-heading-title{padding:0;margin:0;line-height:1}.elementor-widget-heading .elementor-heading-title[class*=elementor-size-]>a{color:inherit;font-size:inherit;line-height:inherit}.elementor-widget-heading .elementor-heading-title.elementor-size-small{font-size:15px}.elementor-widget-heading .elementor-heading-title.elementor-size-medium{font-size:19px}.elementor-widget-heading .elementor-heading-title.elementor-size-large{font-size:29px}.elementor-widget-heading .elementor-heading-title.elementor-size-xl{font-size:39px}.elementor-widget-heading .elementor-heading-title.elementor-size-xxl{font-size:59px}<\/style><h3 class=\"elementor-heading-title elementor-size-default\">IMPRESSUM<\/h3>\t\t<\/div>\n\t\t\t\t<\/div>\n\t\t\t\t<div class=\"elementor-element elementor-element-2149d371 elementor-view-default elementor-widget elementor-widget-icon\" data-id=\"2149d371\" data-element_type=\"widget\" data-widget_type=\"icon.default\">\n\t\t\t\t<div class=\"elementor-widget-container\">\n\t\t\t\t\t<div class=\"elementor-icon-wrapper\">\n\t\t\t<div class=\"elementor-icon\">\n\t\t\t\t\t\t<\/div>\n\t\t<\/div>\n\t\t\t\t<\/div>\n\t\t\t\t<\/div>\n\t\t\t\t<div class=\"elementor-element elementor-element-097f42b elementor-widget elementor-widget-image\" data-id=\"097f42b\" data-element_type=\"widget\" data-widget_type=\"image.default\">\n\t\t\t\t<div class=\"elementor-widget-container\">\n\t\t\t\t\t\t\t\t\t\t\t\t\t\t\t<img decoding=\"async\" width=\"300\" height=\"85\" src=\"https:\/\/villawolf.com\/wp-content\/uploads\/2021\/09\/italian-deco-300x85.png\" class=\"attachment-medium size-medium wp-image-150\" alt=\"\" loading=\"lazy\" srcset=\"https:\/\/villawolf.com\/wp-content\/uploads\/2021\/09\/italian-deco-300x85.png 300w, https:\/\/villawolf.com\/wp-content\/uploads\/2021\/09\/italian-deco-768x218.png 768w, https:\/\/villawolf.com\/wp-content\/uploads\/2021\/09\/italian-deco-18x5.png 18w, https:\/\/villawolf.com\/wp-content\/uploads\/2021\/09\/italian-deco.png 1016w\" sizes=\"(max-width: 300px) 100vw, 300px\" \/>\t\t\t\t\t\t\t\t\t\t\t\t\t\t\t<\/div>\n\t\t\t\t<\/div>\n\t\t\t\t<div class=\"elementor-element elementor-element-4c8a0901 elementor-widget elementor-widget-text-editor\" data-id=\"4c8a0901\" data-element_type=\"widget\" data-widget_type=\"text-editor.default\">\n\t\t\t\t<div class=\"elementor-widget-container\">\n\t\t\t<style>\/*! elementor - v3.13.3 - 28-05-2023 *\/\n.elementor-widget-text-editor.elementor-drop-cap-view-stacked .elementor-drop-cap{background-color:#69727d;color:#fff}.elementor-widget-text-editor.elementor-drop-cap-view-framed .elementor-drop-cap{color:#69727d;border:3px solid;background-color:transparent}.elementor-widget-text-editor:not(.elementor-drop-cap-view-default) .elementor-drop-cap{margin-top:8px}.elementor-widget-text-editor:not(.elementor-drop-cap-view-default) .elementor-drop-cap-letter{width:1em;height:1em}.elementor-widget-text-editor .elementor-drop-cap{float:left;text-align:center;line-height:1;font-size:50px}.elementor-widget-text-editor .elementor-drop-cap-letter{display:inline-block}<\/style>\t\t\t\t<p>Villa Wolf Winery<br \/>vertreten durch Ernst Friedrich Loosen<\/p><p>Weinstrasse 1<br \/>67157 Wachenheim an der Weinstra\u00dfe<\/p><p>Bernkastel-Kues Germany USt.IDNr. DE 148 160 127<\/p><p>Tel: 0049 6531\/3426<br \/>Fax: 0049 6531\/4248<br \/>E-Mail: info@drloosen.de<\/p><p>Umsatzsteuer-Identifikationsnummer: DE148160127<\/p><p>Winzermeister: Ernst Friedrich Loosen<\/p><p>Zust\u00e4ndige Aufsichtsbeh\u00f6rde:<br \/>Ministerium f\u00fcr Wirtschaft, Verkehr, Landwirtschaft und Weinbau, Stiftsstra\u00dfe 9, 55116 Mainz<br \/>Zust\u00e4ndige Kammer:<br \/>Landwirtschaftskammer Rheinland-Pfalz, Burgenlandstra\u00dfe 7, 55543 Bad Kreuznach<\/p><p>Gesetzliche Grundlage unserer T\u00e4tigkeit: Weingesetz (WeinG)<br \/>http:\/\/bundesrecht.juris.de\/weing_1994\/BJNR146710994.html<\/p><p>Hinweise zu Urhebern und Urhebernutzungsrechten:<\/p><p>Philippe C. Grandbois<\/p><p>Leigh-Ann Beverley<br \/>Heinz Anschlag<br \/>Holger Merkel<br \/>Kohlhaas Fotodesign<\/p><p>Au\u00dfergerichtliche Schlichtungsm\u00f6glichkeiten:<br \/>Im Falle von Streitigkeiten aus Online-Kaufvertr\u00e4gen oder Online-Dienstvertr\u00e4gen kann eine von der Europ\u00e4ischen Union zur Verf\u00fcgung gestellte OS-Plattform zur Beilegung dieser Streitigkeiten genutzt werden, soweit diese von der Europ\u00e4ischen Union tats\u00e4chlich zur Verf\u00fcgung gestellt wird.<br \/>Die Plattform soll hier erreichbar sein: <a href=\"http:\/\/ec.europa.eu\/consumers\/odr\/\">http:\/\/ec.europa.eu\/consumers\/odr\/<\/a><br \/>Unsere E-Mail-Adresse lautet: info@drloosen.de<br \/>Wir sind nicht verpflichtet, an anderen au\u00dfergerichtlichen Schlichtungsm\u00f6glichkeiten vor einer Verbraucherschlichtungsstelle teilzunehmen, und nehmen daran auch nicht teil.<\/p><p>\u00a0<\/p>\t\t\t\t\t\t<\/div>\n\t\t\t\t<\/div>\n\t\t\t\t\t<\/div>\n\t\t<\/div>\n\t\t\t\t<div class=\"elementor-column elementor-col-33 elementor-top-column elementor-element elementor-element-d795279\" data-id=\"d795279\" data-element_type=\"column\">\n\t\t\t<div class=\"elementor-widget-wrap elementor-element-populated\">\n\t\t\t\t\t\t\t\t<div class=\"elementor-element elementor-element-7e714530 elementor-hidden-phone elementor-widget elementor-widget-spacer\" data-id=\"7e714530\" data-element_type=\"widget\" data-widget_type=\"spacer.default\">\n\t\t\t\t<div class=\"elementor-widget-container\">\n\t\t\t\t\t<div class=\"elementor-spacer\">\n\t\t\t<div class=\"elementor-spacer-inner\"><\/div>\n\t\t<\/div>\n\t\t\t\t<\/div>\n\t\t\t\t<\/div>\n\t\t\t\t\t<\/div>\n\t\t<\/div>\n\t\t\t\t\t\t\t<\/div>\n\t\t<\/section>\n\t\t\t\t<section class=\"elementor-section elementor-top-section elementor-element elementor-element-4fcfdedb elementor-section-boxed elementor-section-height-default elementor-section-height-default\" data-id=\"4fcfdedb\" data-element_type=\"section\">\n\t\t\t\t\t\t<div class=\"elementor-container elementor-column-gap-default\">\n\t\t\t\t\t<div class=\"elementor-column elementor-col-100 elementor-top-column elementor-element elementor-element-74e20a6f\" data-id=\"74e20a6f\" data-element_type=\"column\">\n\t\t\t<div class=\"elementor-widget-wrap elementor-element-populated\">\n\t\t\t\t\t\t\t\t<div class=\"elementor-element elementor-element-70dca8d elementor-widget elementor-widget-spacer\" data-id=\"70dca8d\" data-element_type=\"widget\" data-widget_type=\"spacer.default\">\n\t\t\t\t<div class=\"elementor-widget-container\">\n\t\t\t\t\t<div class=\"elementor-spacer\">\n\t\t\t<div class=\"elementor-spacer-inner\"><\/div>\n\t\t<\/div>\n\t\t\t\t<\/div>\n\t\t\t\t<\/div>\n\t\t\t\t\t<\/div>\n\t\t<\/div>\n\t\t\t\t\t\t\t<\/div>\n\t\t<\/section>\n\t\t\t\t\t\t\t<\/div>","protected":false},"excerpt":{"rendered":"<p>IMPRESSUM Weingut Villa Wolfvertreten durch Ernst Friedrich Loosen Weinstra\u00dfe 167157 Wachenheim an der Weinstra\u00dfe Bernkastel-Kues Germany USt.IDNr. DE 148 160 127 Tel: 0049 6531\/3426Fax: 0049 6531\/4248E-Mail: info@drloosen.de Umsatzsteuer-Identifikationsnummer: DE148160127 Winzermeister: Ernst Friedrich Loosen Zust\u00e4ndige Aufsichtsbeh\u00f6rde:Ministerium f\u00fcr Wirtschaft, Verkehr, Landwirtschaft und Weinbau, Stiftsstra\u00dfe 9, 55116 MainzZust\u00e4ndige Kammer:Landwirtschaftskammer Rheinland-Pfalz, Burgenlandstra\u00dfe 7, 55543 Bad Kreuznach Gesetzliche Grundlage unserer [&hellip;]<\/p>","protected":false},"author":5,"featured_media":0,"parent":0,"menu_order":0,"comment_status":"closed","ping_status":"closed","template":"elementor_header_footer","meta":[],"_links":{"self":[{"href":"https:\/\/villawolf.com\/en\/wp-json\/wp\/v2\/pages\/122"}],"collection":[{"href":"https:\/\/villawolf.com\/en\/wp-json\/wp\/v2\/pages"}],"about":[{"href":"https:\/\/villawolf.com\/en\/wp-json\/wp\/v2\/types\/page"}],"author":[{"embeddable":true,"href":"https:\/\/villawolf.com\/en\/wp-json\/wp\/v2\/users\/5"}],"replies":[{"embeddable":true,"href":"https:\/\/villawolf.com\/en\/wp-json\/wp\/v2\/comments?post=122"}],"version-history":[{"count":4,"href":"https:\/\/villawolf.com\/en\/wp-json\/wp\/v2\/pages\/122\/revisions"}],"predecessor-version":[{"id":358,"href":"https:\/\/villawolf.com\/en\/wp-json\/wp\/v2\/pages\/122\/revisions\/358"}],"wp:attachment":[{"href":"https:\/\/villawolf.com\/en\/wp-json\/wp\/v2\/media?parent=122"}],"curies":[{"name":"wp","href":"https:\/\/api.w.org\/{rel}","templated":true}]}}