{"id":112,"date":"2021-09-21T10:08:18","date_gmt":"2021-09-21T08:08:18","guid":{"rendered":"https:\/\/villawolf.com\/?page_id=112"},"modified":"2021-09-22T07:50:36","modified_gmt":"2021-09-22T05:50:36","slug":"2-grosse-lage","status":"publish","type":"page","link":"https:\/\/villawolf.com\/en\/unsere-weine\/2-grosse-lage\/","title":{"rendered":"2. Gro\u00dfe Lage"},"content":{"rendered":"<div data-elementor-type=\"wp-page\" data-elementor-id=\"112\" class=\"elementor elementor-112\">\n\t\t\t\t\t\t\t\t\t<section class=\"elementor-section elementor-top-section elementor-element elementor-element-56d385a3 elementor-section-full_width elementor-section-items-stretch elementor-section-height-min-height elementor-section-height-default\" data-id=\"56d385a3\" data-element_type=\"section\" data-settings=\"{&quot;background_background&quot;:&quot;classic&quot;}\">\n\t\t\t\t\t\t\t<div class=\"elementor-background-overlay\"><\/div>\n\t\t\t\t\t\t\t<div class=\"elementor-container elementor-column-gap-no\">\n\t\t\t\t\t<div class=\"elementor-column elementor-col-100 elementor-top-column elementor-element elementor-element-3e6441c9\" data-id=\"3e6441c9\" data-element_type=\"column\">\n\t\t\t<div class=\"elementor-widget-wrap elementor-element-populated\">\n\t\t\t\t\t\t\t\t<div class=\"elementor-element elementor-element-dd770aa elementor-widget elementor-widget-spacer\" data-id=\"dd770aa\" data-element_type=\"widget\" data-widget_type=\"spacer.default\">\n\t\t\t\t<div class=\"elementor-widget-container\">\n\t\t\t<style>\/*! elementor - v3.13.3 - 28-05-2023 *\/\n.elementor-column .elementor-spacer-inner{height:var(--spacer-size)}.e-con{--container-widget-width:100%}.e-con-inner>.elementor-widget-spacer,.e-con>.elementor-widget-spacer{width:var(--container-widget-width,var(--spacer-size));--align-self:var(--container-widget-align-self,initial);--flex-shrink:0}.e-con-inner>.elementor-widget-spacer>.elementor-widget-container,.e-con-inner>.elementor-widget-spacer>.elementor-widget-container>.elementor-spacer,.e-con>.elementor-widget-spacer>.elementor-widget-container,.e-con>.elementor-widget-spacer>.elementor-widget-container>.elementor-spacer{height:100%}.e-con-inner>.elementor-widget-spacer>.elementor-widget-container>.elementor-spacer>.elementor-spacer-inner,.e-con>.elementor-widget-spacer>.elementor-widget-container>.elementor-spacer>.elementor-spacer-inner{height:var(--container-widget-height,var(--spacer-size))}<\/style>\t\t<div class=\"elementor-spacer\">\n\t\t\t<div class=\"elementor-spacer-inner\"><\/div>\n\t\t<\/div>\n\t\t\t\t<\/div>\n\t\t\t\t<\/div>\n\t\t\t\t\t<\/div>\n\t\t<\/div>\n\t\t\t\t\t\t\t<\/div>\n\t\t<\/section>\n\t\t\t\t<section class=\"elementor-section elementor-top-section elementor-element elementor-element-24a0c553 elementor-section-full_width elementor-section-height-default elementor-section-height-default\" data-id=\"24a0c553\" data-element_type=\"section\">\n\t\t\t\t\t\t<div class=\"elementor-container elementor-column-gap-default\">\n\t\t\t\t\t<div class=\"elementor-column elementor-col-33 elementor-top-column elementor-element elementor-element-60151a11\" data-id=\"60151a11\" data-element_type=\"column\">\n\t\t\t<div class=\"elementor-widget-wrap\">\n\t\t\t\t\t\t\t\t\t<\/div>\n\t\t<\/div>\n\t\t\t\t<div class=\"elementor-column elementor-col-33 elementor-top-column elementor-element elementor-element-27726dee\" data-id=\"27726dee\" data-element_type=\"column\">\n\t\t\t<div class=\"elementor-widget-wrap elementor-element-populated\">\n\t\t\t\t\t\t\t\t<div class=\"elementor-element elementor-element-77c4ce28 elementor-hidden-phone elementor-widget elementor-widget-spacer\" data-id=\"77c4ce28\" data-element_type=\"widget\" data-widget_type=\"spacer.default\">\n\t\t\t\t<div class=\"elementor-widget-container\">\n\t\t\t\t\t<div class=\"elementor-spacer\">\n\t\t\t<div class=\"elementor-spacer-inner\"><\/div>\n\t\t<\/div>\n\t\t\t\t<\/div>\n\t\t\t\t<\/div>\n\t\t\t\t<div class=\"elementor-element elementor-element-61c288ed elementor-widget elementor-widget-heading\" data-id=\"61c288ed\" data-element_type=\"widget\" data-widget_type=\"heading.default\">\n\t\t\t\t<div class=\"elementor-widget-container\">\n\t\t\t<style>\/*! elementor - v3.13.3 - 28-05-2023 *\/\n.elementor-heading-title{padding:0;margin:0;line-height:1}.elementor-widget-heading .elementor-heading-title[class*=elementor-size-]>a{color:inherit;font-size:inherit;line-height:inherit}.elementor-widget-heading .elementor-heading-title.elementor-size-small{font-size:15px}.elementor-widget-heading .elementor-heading-title.elementor-size-medium{font-size:19px}.elementor-widget-heading .elementor-heading-title.elementor-size-large{font-size:29px}.elementor-widget-heading .elementor-heading-title.elementor-size-xl{font-size:39px}.elementor-widget-heading .elementor-heading-title.elementor-size-xxl{font-size:59px}<\/style><h2 class=\"elementor-heading-title elementor-size-default\">2. Gro\u00dfe Lage<\/h2>\t\t<\/div>\n\t\t\t\t<\/div>\n\t\t\t\t<div class=\"elementor-element elementor-element-66330a56 elementor-widget elementor-widget-global elementor-global-382 elementor-widget-image\" data-id=\"66330a56\" data-element_type=\"widget\" data-widget_type=\"image.default\">\n\t\t\t\t<div class=\"elementor-widget-container\">\n\t\t\t<style>\/*! elementor - v3.13.3 - 28-05-2023 *\/\n.elementor-widget-image{text-align:center}.elementor-widget-image a{display:inline-block}.elementor-widget-image a img[src$=\".svg\"]{width:48px}.elementor-widget-image img{vertical-align:middle;display:inline-block}<\/style>\t\t\t\t\t\t\t\t\t\t\t\t<img decoding=\"async\" width=\"300\" height=\"85\" src=\"https:\/\/villawolf.com\/wp-content\/uploads\/2021\/09\/italian-deco-300x85.png\" class=\"attachment-medium size-medium wp-image-150\" alt=\"\" loading=\"lazy\" srcset=\"https:\/\/villawolf.com\/wp-content\/uploads\/2021\/09\/italian-deco-300x85.png 300w, https:\/\/villawolf.com\/wp-content\/uploads\/2021\/09\/italian-deco-768x218.png 768w, https:\/\/villawolf.com\/wp-content\/uploads\/2021\/09\/italian-deco-18x5.png 18w, https:\/\/villawolf.com\/wp-content\/uploads\/2021\/09\/italian-deco.png 1016w\" sizes=\"(max-width: 300px) 100vw, 300px\" \/>\t\t\t\t\t\t\t\t\t\t\t\t\t\t\t<\/div>\n\t\t\t\t<\/div>\n\t\t\t\t<div class=\"elementor-element elementor-element-51f71526 elementor-widget elementor-widget-text-editor\" data-id=\"51f71526\" data-element_type=\"widget\" data-widget_type=\"text-editor.default\">\n\t\t\t\t<div class=\"elementor-widget-container\">\n\t\t\t<style>\/*! elementor - v3.13.3 - 28-05-2023 *\/\n.elementor-widget-text-editor.elementor-drop-cap-view-stacked .elementor-drop-cap{background-color:#69727d;color:#fff}.elementor-widget-text-editor.elementor-drop-cap-view-framed .elementor-drop-cap{color:#69727d;border:3px solid;background-color:transparent}.elementor-widget-text-editor:not(.elementor-drop-cap-view-default) .elementor-drop-cap{margin-top:8px}.elementor-widget-text-editor:not(.elementor-drop-cap-view-default) .elementor-drop-cap-letter{width:1em;height:1em}.elementor-widget-text-editor .elementor-drop-cap{float:left;text-align:center;line-height:1;font-size:50px}.elementor-widget-text-editor .elementor-drop-cap-letter{display:inline-block}<\/style>\t\t\t\t<section id=\"rebsortenweine\" class=\"feature-box ce_rsce_feature_box -image-centered -vertical-centered -no-image -no-padding-top -no-padding-bottom\"><div class=\"feature-box-text\"><p class=\"-medium\">Our wines from the vineyards Wachenheimer Belz, which is in our sole possession, and Wachenheimer Goldb\u00e4chel are among the most exciting sites of the Mittelhardt. While the Wachenheimer Belz site is characterized in particular by its beguiling fruitiness, substance and delicate flint aroma due to the red sandstone with limestone deposits. The wines from the Wachenenheimer Goldb\u00e4chel vineyard are primarily fruit-driven and mineral.<\/p><h3><a href=\"https:\/\/villawolf.com\/en\/unsere-lagen\/wachenheimer-belz\/\">Wachenheimer Belz<\/a><\/h3><p><br \/><em><strong>Villa Wolf Monopole Vineyard<\/strong><\/em><\/p><p>The vines in the famous vineyards around Wachenheim grow on red sandstone. This soil provides the beguiling fruitiness and substance of our Rieslings from the top Wachenheim sites. In Belz, our sole property, the red sandstone is interspersed with limestone deposits, which give the wine a delicate flinty aroma.<\/p><h3><a href=\"https:\/\/villawolf.com\/en\/unsere-lagen\/wachenheimer-goldbaechel\/\">Wachenheimer Goldb\u00e4chel<\/a><\/h3><p>The Goldb\u00e4chel belongs to one of the most exposed sites in Wachenheim. It is characterized by sandstone-like soils, interspersed with fine riverbed rock. The Rieslings from Goldb\u00e4chel are always very fruity and mineral driven. In good years, the site produces great wines on par with the Deidesheim and Forst vineyards. The name Wachenheimer Goldb\u00e4chel first appeared in 1837. Until then, the site was simply called \"B\u00e4chel\". The discovery of fool's gold or finds of real gold coins may then have caused the name to be extended.<\/p><\/div><\/section>\t\t\t\t\t\t<\/div>\n\t\t\t\t<\/div>\n\t\t\t\t\t<\/div>\n\t\t<\/div>\n\t\t\t\t<div class=\"elementor-column elementor-col-33 elementor-top-column elementor-element elementor-element-5da209d6\" data-id=\"5da209d6\" data-element_type=\"column\">\n\t\t\t<div class=\"elementor-widget-wrap elementor-element-populated\">\n\t\t\t\t\t\t\t\t<div class=\"elementor-element elementor-element-5222def0 elementor-hidden-phone elementor-widget elementor-widget-spacer\" data-id=\"5222def0\" data-element_type=\"widget\" data-widget_type=\"spacer.default\">\n\t\t\t\t<div class=\"elementor-widget-container\">\n\t\t\t\t\t<div class=\"elementor-spacer\">\n\t\t\t<div class=\"elementor-spacer-inner\"><\/div>\n\t\t<\/div>\n\t\t\t\t<\/div>\n\t\t\t\t<\/div>\n\t\t\t\t\t<\/div>\n\t\t<\/div>\n\t\t\t\t\t\t\t<\/div>\n\t\t<\/section>\n\t\t\t\t\t\t\t<\/div>","protected":false},"excerpt":{"rendered":"<p>2. Gro\u00dfe Lage Unsere Weine aus den Weinlagen Wachenheimer Belz, die sich in unserem alleinigen Besitz befindet, und dem Wachenheimer Goldb\u00e4chel geh\u00f6ren zu den spannendsten Lagen der Mittelhardt. W\u00e4hrend sich die Lage Wachenheimer Belz insbesondere durch ihre bet\u00f6rende Fruchtigkeit, Stoffigkeit und zarte Feuerstein-Aromatik durch den Buntsandstein mit Kalkablagerungen auszeichnet, sind die Weine aus der Lage [&hellip;]<\/p>","protected":false},"author":5,"featured_media":0,"parent":109,"menu_order":0,"comment_status":"closed","ping_status":"closed","template":"elementor_header_footer","meta":[],"_links":{"self":[{"href":"https:\/\/villawolf.com\/en\/wp-json\/wp\/v2\/pages\/112"}],"collection":[{"href":"https:\/\/villawolf.com\/en\/wp-json\/wp\/v2\/pages"}],"about":[{"href":"https:\/\/villawolf.com\/en\/wp-json\/wp\/v2\/types\/page"}],"author":[{"embeddable":true,"href":"https:\/\/villawolf.com\/en\/wp-json\/wp\/v2\/users\/5"}],"replies":[{"embeddable":true,"href":"https:\/\/villawolf.com\/en\/wp-json\/wp\/v2\/comments?post=112"}],"version-history":[{"count":13,"href":"https:\/\/villawolf.com\/en\/wp-json\/wp\/v2\/pages\/112\/revisions"}],"predecessor-version":[{"id":862,"href":"https:\/\/villawolf.com\/en\/wp-json\/wp\/v2\/pages\/112\/revisions\/862"}],"up":[{"embeddable":true,"href":"https:\/\/villawolf.com\/en\/wp-json\/wp\/v2\/pages\/109"}],"wp:attachment":[{"href":"https:\/\/villawolf.com\/en\/wp-json\/wp\/v2\/media?parent=112"}],"curies":[{"name":"wp","href":"https:\/\/api.w.org\/{rel}","templated":true}]}}