{"id":110,"date":"2021-09-21T10:08:18","date_gmt":"2021-09-21T08:08:18","guid":{"rendered":"https:\/\/villawolf.com\/?page_id=110"},"modified":"2021-09-21T19:31:31","modified_gmt":"2021-09-21T17:31:31","slug":"rebsortenweine","status":"publish","type":"page","link":"https:\/\/villawolf.com\/en\/unsere-weine\/rebsortenweine\/","title":{"rendered":"Varietal Wines"},"content":{"rendered":"<div data-elementor-type=\"wp-page\" data-elementor-id=\"110\" class=\"elementor elementor-110\">\n\t\t\t\t\t\t\t\t\t<section class=\"elementor-section elementor-top-section elementor-element elementor-element-2d84039d elementor-section-full_width elementor-section-items-stretch elementor-section-height-min-height elementor-section-height-default\" data-id=\"2d84039d\" data-element_type=\"section\" data-settings=\"{&quot;background_background&quot;:&quot;classic&quot;}\">\n\t\t\t\t\t\t\t<div class=\"elementor-background-overlay\"><\/div>\n\t\t\t\t\t\t\t<div class=\"elementor-container elementor-column-gap-no\">\n\t\t\t\t\t<div class=\"elementor-column elementor-col-100 elementor-top-column elementor-element elementor-element-414f99ed\" data-id=\"414f99ed\" data-element_type=\"column\">\n\t\t\t<div class=\"elementor-widget-wrap elementor-element-populated\">\n\t\t\t\t\t\t\t\t<div class=\"elementor-element elementor-element-face6bf elementor-widget elementor-widget-spacer\" data-id=\"face6bf\" data-element_type=\"widget\" data-widget_type=\"spacer.default\">\n\t\t\t\t<div class=\"elementor-widget-container\">\n\t\t\t<style>\/*! elementor - v3.13.3 - 28-05-2023 *\/\n.elementor-column .elementor-spacer-inner{height:var(--spacer-size)}.e-con{--container-widget-width:100%}.e-con-inner>.elementor-widget-spacer,.e-con>.elementor-widget-spacer{width:var(--container-widget-width,var(--spacer-size));--align-self:var(--container-widget-align-self,initial);--flex-shrink:0}.e-con-inner>.elementor-widget-spacer>.elementor-widget-container,.e-con-inner>.elementor-widget-spacer>.elementor-widget-container>.elementor-spacer,.e-con>.elementor-widget-spacer>.elementor-widget-container,.e-con>.elementor-widget-spacer>.elementor-widget-container>.elementor-spacer{height:100%}.e-con-inner>.elementor-widget-spacer>.elementor-widget-container>.elementor-spacer>.elementor-spacer-inner,.e-con>.elementor-widget-spacer>.elementor-widget-container>.elementor-spacer>.elementor-spacer-inner{height:var(--container-widget-height,var(--spacer-size))}<\/style>\t\t<div class=\"elementor-spacer\">\n\t\t\t<div class=\"elementor-spacer-inner\"><\/div>\n\t\t<\/div>\n\t\t\t\t<\/div>\n\t\t\t\t<\/div>\n\t\t\t\t\t<\/div>\n\t\t<\/div>\n\t\t\t\t\t\t\t<\/div>\n\t\t<\/section>\n\t\t\t\t<section class=\"elementor-section elementor-top-section elementor-element elementor-element-588b23a7 elementor-section-full_width elementor-section-height-default elementor-section-height-default\" data-id=\"588b23a7\" data-element_type=\"section\">\n\t\t\t\t\t\t<div class=\"elementor-container elementor-column-gap-default\">\n\t\t\t\t\t<div class=\"elementor-column elementor-col-33 elementor-top-column elementor-element elementor-element-776f675d\" data-id=\"776f675d\" data-element_type=\"column\">\n\t\t\t<div class=\"elementor-widget-wrap\">\n\t\t\t\t\t\t\t\t\t<\/div>\n\t\t<\/div>\n\t\t\t\t<div class=\"elementor-column elementor-col-33 elementor-top-column elementor-element elementor-element-782c99e2\" data-id=\"782c99e2\" data-element_type=\"column\">\n\t\t\t<div class=\"elementor-widget-wrap elementor-element-populated\">\n\t\t\t\t\t\t\t\t<div class=\"elementor-element elementor-element-61a3a263 elementor-hidden-phone elementor-widget elementor-widget-spacer\" data-id=\"61a3a263\" data-element_type=\"widget\" data-widget_type=\"spacer.default\">\n\t\t\t\t<div class=\"elementor-widget-container\">\n\t\t\t\t\t<div class=\"elementor-spacer\">\n\t\t\t<div class=\"elementor-spacer-inner\"><\/div>\n\t\t<\/div>\n\t\t\t\t<\/div>\n\t\t\t\t<\/div>\n\t\t\t\t<div class=\"elementor-element elementor-element-5541c11d elementor-widget elementor-widget-heading\" data-id=\"5541c11d\" data-element_type=\"widget\" data-widget_type=\"heading.default\">\n\t\t\t\t<div class=\"elementor-widget-container\">\n\t\t\t<style>\/*! elementor - v3.13.3 - 28-05-2023 *\/\n.elementor-heading-title{padding:0;margin:0;line-height:1}.elementor-widget-heading .elementor-heading-title[class*=elementor-size-]>a{color:inherit;font-size:inherit;line-height:inherit}.elementor-widget-heading .elementor-heading-title.elementor-size-small{font-size:15px}.elementor-widget-heading .elementor-heading-title.elementor-size-medium{font-size:19px}.elementor-widget-heading .elementor-heading-title.elementor-size-large{font-size:29px}.elementor-widget-heading .elementor-heading-title.elementor-size-xl{font-size:39px}.elementor-widget-heading .elementor-heading-title.elementor-size-xxl{font-size:59px}<\/style><h2 class=\"elementor-heading-title elementor-size-default\">Varietal Wines<\/h2>\t\t<\/div>\n\t\t\t\t<\/div>\n\t\t\t\t<div class=\"elementor-element elementor-element-c8bf19d elementor-widget elementor-widget-global elementor-global-382 elementor-widget-image\" data-id=\"c8bf19d\" data-element_type=\"widget\" data-widget_type=\"image.default\">\n\t\t\t\t<div class=\"elementor-widget-container\">\n\t\t\t<style>\/*! elementor - v3.13.3 - 28-05-2023 *\/\n.elementor-widget-image{text-align:center}.elementor-widget-image a{display:inline-block}.elementor-widget-image a img[src$=\".svg\"]{width:48px}.elementor-widget-image img{vertical-align:middle;display:inline-block}<\/style>\t\t\t\t\t\t\t\t\t\t\t\t<img decoding=\"async\" width=\"300\" height=\"85\" src=\"https:\/\/villawolf.com\/wp-content\/uploads\/2021\/09\/italian-deco-300x85.png\" class=\"attachment-medium size-medium wp-image-150\" alt=\"\" loading=\"lazy\" srcset=\"https:\/\/villawolf.com\/wp-content\/uploads\/2021\/09\/italian-deco-300x85.png 300w, https:\/\/villawolf.com\/wp-content\/uploads\/2021\/09\/italian-deco-768x218.png 768w, https:\/\/villawolf.com\/wp-content\/uploads\/2021\/09\/italian-deco-18x5.png 18w, https:\/\/villawolf.com\/wp-content\/uploads\/2021\/09\/italian-deco.png 1016w\" sizes=\"(max-width: 300px) 100vw, 300px\" \/>\t\t\t\t\t\t\t\t\t\t\t\t\t\t\t<\/div>\n\t\t\t\t<\/div>\n\t\t\t\t<div class=\"elementor-element elementor-element-58970145 elementor-widget elementor-widget-text-editor\" data-id=\"58970145\" data-element_type=\"widget\" data-widget_type=\"text-editor.default\">\n\t\t\t\t<div class=\"elementor-widget-container\">\n\t\t\t<style>\/*! elementor - v3.13.3 - 28-05-2023 *\/\n.elementor-widget-text-editor.elementor-drop-cap-view-stacked .elementor-drop-cap{background-color:#69727d;color:#fff}.elementor-widget-text-editor.elementor-drop-cap-view-framed .elementor-drop-cap{color:#69727d;border:3px solid;background-color:transparent}.elementor-widget-text-editor:not(.elementor-drop-cap-view-default) .elementor-drop-cap{margin-top:8px}.elementor-widget-text-editor:not(.elementor-drop-cap-view-default) .elementor-drop-cap-letter{width:1em;height:1em}.elementor-widget-text-editor .elementor-drop-cap{float:left;text-align:center;line-height:1;font-size:50px}.elementor-widget-text-editor .elementor-drop-cap-letter{display:inline-block}<\/style>\t\t\t\t<section id=\"rebsortenweine\" class=\"feature-box ce_rsce_feature_box -image-centered -vertical-centered -no-image -no-padding-top -no-padding-bottom\"><div class=\"feature-box-text\"><h3 class=\"-medium\">Villa Wolf Pinot Blanc<\/h3><p>Villa Wolf Pinot Blanc is fermented and aged in stainless steel. As for all our dry wines, only healthy, ripe grape material, without botrytis, is used. Thus we obtain a fresh, clear Pinot Blanc with typical minerality of the region. Pale yellow in the glass with greenish reflections, this wine impresses on the palate with ripe aromatics, riesling-like brilliance and finesse.<\/p><\/div><\/section><section class=\"feature-box ce_rsce_feature_box -image-centered -vertical-centered -no-image -no-padding-top -no-padding-bottom\"><div class=\"feature-box-text\"><h3 class=\"-medium\">Villa Wolf Pinot Gris<\/h3><p>Villa Wolf Pinot Gris - a classic Burgundy from our Villa Wolf estate. Well balanced, with a beautiful bouquet and the typical minerality of the Pfalz. It was precisely here, in the Palatinate, that Pinot Gris was recognized as a grape variety in the 19th century and first vinified independently. An elegant and finessed wine with all its complexity.<\/p><\/div><\/section><section class=\"feature-box ce_rsce_feature_box -image-centered -vertical-centered -no-image -no-padding-top -no-padding-bottom\"><div class=\"feature-box-text\"><h3 class=\"-medium\">Villa Wolf Riesling dry<\/h3><p>A classic Zech-wine with fine fruit and balance. Perfect with hearty Pfalz cuisine, but also a pleasure on its own. Riesling is a very aromatic, fruity grape that is produced in an enormous range of styles. The ability to express the origin and soil in which the plants grow has made this grape variety one of the most popular in Germany for centuries. Riesling wines are able to age for decades and then still offer an amazing taste experience.<\/p><\/div><\/section><section class=\"feature-box ce_rsce_feature_box -image-centered -vertical-centered -no-image -no-padding-top -no-padding-bottom\"><div class=\"feature-box-text\"><h3 class=\"-medium\">Villa Wolf Gew\u00fcrztraminer<\/h3><p>Gew\u00fcrztraminer is an aromatic variety that produces very distinctive wines. Villa Wolf Gew\u00fcrztraminer is clear, fruity and wonderfully light. It shows the aromatic charm of the grape with a delicious juicy texture and a delicate aroma of spices, exotic fruits and fresh roses. To maintain a lively balance in the wine, the fruit is harvested when it is perfectly ripe but not overripe.<\/p><\/div><\/section><section class=\"feature-box ce_rsce_feature_box -image-centered -vertical-centered -no-image -no-padding-top -no-padding-bottom\"><div class=\"feature-box-text\"><h3 class=\"-medium\">Villa Wolf Pinot Noir<\/h3><p>A fine Pinot Noir full of character, characterized by the mild climate and the warm mineral soils of the Pfalz. A long aging, partly in small oak barrels, gives it the typical Burgundian elegance and silkiness. Paired with a wonderful fruit aroma, it becomes a smooth food companion.<\/p><\/div><\/section><section class=\"feature-box ce_rsce_feature_box last -image-centered -vertical-centered -no-image -no-padding-top\"><div class=\"feature-box-text\"><h3 class=\"-medium\">Villa Wolf Pinot Noir Ros\u00e9<\/h3><p>With beguiling fruit aromas, delicate and light at the same time, this is the ideal summer wine. The grapes grown on sandstone soils produce a perfectly balanced wine, with the necessary concentration and fruity acidity.<\/p><\/div><\/section>\t\t\t\t\t\t<\/div>\n\t\t\t\t<\/div>\n\t\t\t\t\t<\/div>\n\t\t<\/div>\n\t\t\t\t<div class=\"elementor-column elementor-col-33 elementor-top-column elementor-element elementor-element-5e500aa8\" data-id=\"5e500aa8\" data-element_type=\"column\">\n\t\t\t<div class=\"elementor-widget-wrap elementor-element-populated\">\n\t\t\t\t\t\t\t\t<div class=\"elementor-element elementor-element-637dd1a0 elementor-hidden-phone elementor-widget elementor-widget-spacer\" data-id=\"637dd1a0\" data-element_type=\"widget\" data-widget_type=\"spacer.default\">\n\t\t\t\t<div class=\"elementor-widget-container\">\n\t\t\t\t\t<div class=\"elementor-spacer\">\n\t\t\t<div class=\"elementor-spacer-inner\"><\/div>\n\t\t<\/div>\n\t\t\t\t<\/div>\n\t\t\t\t<\/div>\n\t\t\t\t\t<\/div>\n\t\t<\/div>\n\t\t\t\t\t\t\t<\/div>\n\t\t<\/section>\n\t\t\t\t\t\t\t<\/div>","protected":false},"excerpt":{"rendered":"<p>Rebsortenweine Villa Wolf Wei\u00dfburgunder Der Villa Wolf Wei\u00dfburgunder wird im Edelstahl vergoren und ausgebaut. Wie f\u00fcr all unsere trockenen Weine wird nur gesundes, physiologisch reifes Traubenmaterial, ohne Botrytis, verwendet. So gewinnen wir einen frischen, klaren Wei\u00dfburgunder mit typischer Mineralik der Region. Im Glas hellgelb mit gr\u00fcnlichen Reflexen, besticht dieser Wein am Gaumen durch reife Aromatik, [&hellip;]<\/p>","protected":false},"author":5,"featured_media":0,"parent":109,"menu_order":0,"comment_status":"closed","ping_status":"closed","template":"elementor_header_footer","meta":[],"_links":{"self":[{"href":"https:\/\/villawolf.com\/en\/wp-json\/wp\/v2\/pages\/110"}],"collection":[{"href":"https:\/\/villawolf.com\/en\/wp-json\/wp\/v2\/pages"}],"about":[{"href":"https:\/\/villawolf.com\/en\/wp-json\/wp\/v2\/types\/page"}],"author":[{"embeddable":true,"href":"https:\/\/villawolf.com\/en\/wp-json\/wp\/v2\/users\/5"}],"replies":[{"embeddable":true,"href":"https:\/\/villawolf.com\/en\/wp-json\/wp\/v2\/comments?post=110"}],"version-history":[{"count":13,"href":"https:\/\/villawolf.com\/en\/wp-json\/wp\/v2\/pages\/110\/revisions"}],"predecessor-version":[{"id":693,"href":"https:\/\/villawolf.com\/en\/wp-json\/wp\/v2\/pages\/110\/revisions\/693"}],"up":[{"embeddable":true,"href":"https:\/\/villawolf.com\/en\/wp-json\/wp\/v2\/pages\/109"}],"wp:attachment":[{"href":"https:\/\/villawolf.com\/en\/wp-json\/wp\/v2\/media?parent=110"}],"curies":[{"name":"wp","href":"https:\/\/api.w.org\/{rel}","templated":true}]}}