{"id":102,"date":"2021-09-21T10:06:10","date_gmt":"2021-09-21T08:06:10","guid":{"rendered":"https:\/\/villawolf.com\/?page_id=102"},"modified":"2021-09-21T18:42:38","modified_gmt":"2021-09-21T16:42:38","slug":"ernst-f-loosen","status":"publish","type":"page","link":"https:\/\/villawolf.com\/en\/ueber-uns\/ernst-f-loosen\/","title":{"rendered":"Ernst F. Loosen"},"content":{"rendered":"<div data-elementor-type=\"wp-page\" data-elementor-id=\"102\" class=\"elementor elementor-102\">\n\t\t\t\t\t\t\t\t\t<section class=\"elementor-section elementor-top-section elementor-element elementor-element-707494d7 elementor-section-full_width elementor-section-height-default elementor-section-height-default\" data-id=\"707494d7\" data-element_type=\"section\" data-settings=\"{&quot;background_background&quot;:&quot;classic&quot;}\">\n\t\t\t\t\t\t<div class=\"elementor-container elementor-column-gap-default\">\n\t\t\t\t\t<div class=\"elementor-column elementor-col-33 elementor-top-column elementor-element elementor-element-678f5bf3\" data-id=\"678f5bf3\" data-element_type=\"column\">\n\t\t\t<div class=\"elementor-widget-wrap\">\n\t\t\t\t\t\t\t\t\t<\/div>\n\t\t<\/div>\n\t\t\t\t<div class=\"elementor-column elementor-col-33 elementor-top-column elementor-element elementor-element-134aa96e\" data-id=\"134aa96e\" data-element_type=\"column\">\n\t\t\t<div class=\"elementor-widget-wrap elementor-element-populated\">\n\t\t\t\t\t\t\t\t<div class=\"elementor-element elementor-element-2be5a07a elementor-hidden-phone elementor-widget elementor-widget-spacer\" data-id=\"2be5a07a\" data-element_type=\"widget\" data-widget_type=\"spacer.default\">\n\t\t\t\t<div class=\"elementor-widget-container\">\n\t\t\t<style>\/*! elementor - v3.13.3 - 28-05-2023 *\/\n.elementor-column .elementor-spacer-inner{height:var(--spacer-size)}.e-con{--container-widget-width:100%}.e-con-inner>.elementor-widget-spacer,.e-con>.elementor-widget-spacer{width:var(--container-widget-width,var(--spacer-size));--align-self:var(--container-widget-align-self,initial);--flex-shrink:0}.e-con-inner>.elementor-widget-spacer>.elementor-widget-container,.e-con-inner>.elementor-widget-spacer>.elementor-widget-container>.elementor-spacer,.e-con>.elementor-widget-spacer>.elementor-widget-container,.e-con>.elementor-widget-spacer>.elementor-widget-container>.elementor-spacer{height:100%}.e-con-inner>.elementor-widget-spacer>.elementor-widget-container>.elementor-spacer>.elementor-spacer-inner,.e-con>.elementor-widget-spacer>.elementor-widget-container>.elementor-spacer>.elementor-spacer-inner{height:var(--container-widget-height,var(--spacer-size))}<\/style>\t\t<div class=\"elementor-spacer\">\n\t\t\t<div class=\"elementor-spacer-inner\"><\/div>\n\t\t<\/div>\n\t\t\t\t<\/div>\n\t\t\t\t<\/div>\n\t\t\t\t<div class=\"elementor-element elementor-element-19deb9ec elementor-widget elementor-widget-image\" data-id=\"19deb9ec\" data-element_type=\"widget\" data-widget_type=\"image.default\">\n\t\t\t\t<div class=\"elementor-widget-container\">\n\t\t\t<style>\/*! elementor - v3.13.3 - 28-05-2023 *\/\n.elementor-widget-image{text-align:center}.elementor-widget-image a{display:inline-block}.elementor-widget-image a img[src$=\".svg\"]{width:48px}.elementor-widget-image img{vertical-align:middle;display:inline-block}<\/style>\t\t\t\t\t\t\t\t\t\t\t\t<img decoding=\"async\" width=\"800\" height=\"534\" src=\"https:\/\/villawolf.com\/wp-content\/uploads\/2021\/09\/Ernst-Loosen-30x20cm-300dpi-\u00a9-DrLoosen-photo-GV-partners-1024x683.jpg\" class=\"attachment-large size-large wp-image-366\" alt=\"\" loading=\"lazy\" srcset=\"https:\/\/villawolf.com\/wp-content\/uploads\/2021\/09\/Ernst-Loosen-30x20cm-300dpi-\u00a9-DrLoosen-photo-GV-partners-1024x683.jpg 1024w, https:\/\/villawolf.com\/wp-content\/uploads\/2021\/09\/Ernst-Loosen-30x20cm-300dpi-\u00a9-DrLoosen-photo-GV-partners-300x200.jpg 300w, https:\/\/villawolf.com\/wp-content\/uploads\/2021\/09\/Ernst-Loosen-30x20cm-300dpi-\u00a9-DrLoosen-photo-GV-partners-768x512.jpg 768w, https:\/\/villawolf.com\/wp-content\/uploads\/2021\/09\/Ernst-Loosen-30x20cm-300dpi-\u00a9-DrLoosen-photo-GV-partners-1536x1024.jpg 1536w, https:\/\/villawolf.com\/wp-content\/uploads\/2021\/09\/Ernst-Loosen-30x20cm-300dpi-\u00a9-DrLoosen-photo-GV-partners-18x12.jpg 18w, https:\/\/villawolf.com\/wp-content\/uploads\/2021\/09\/Ernst-Loosen-30x20cm-300dpi-\u00a9-DrLoosen-photo-GV-partners.jpg 1620w\" sizes=\"(max-width: 800px) 100vw, 800px\" \/>\t\t\t\t\t\t\t\t\t\t\t\t\t\t\t<\/div>\n\t\t\t\t<\/div>\n\t\t\t\t<div class=\"elementor-element elementor-element-7fc6a180 elementor-widget elementor-widget-heading\" data-id=\"7fc6a180\" data-element_type=\"widget\" data-widget_type=\"heading.default\">\n\t\t\t\t<div class=\"elementor-widget-container\">\n\t\t\t<style>\/*! elementor - v3.13.3 - 28-05-2023 *\/\n.elementor-heading-title{padding:0;margin:0;line-height:1}.elementor-widget-heading .elementor-heading-title[class*=elementor-size-]>a{color:inherit;font-size:inherit;line-height:inherit}.elementor-widget-heading .elementor-heading-title.elementor-size-small{font-size:15px}.elementor-widget-heading .elementor-heading-title.elementor-size-medium{font-size:19px}.elementor-widget-heading .elementor-heading-title.elementor-size-large{font-size:29px}.elementor-widget-heading .elementor-heading-title.elementor-size-xl{font-size:39px}.elementor-widget-heading .elementor-heading-title.elementor-size-xxl{font-size:59px}<\/style><h3 class=\"elementor-heading-title elementor-size-default\">Ernst F. Loosen<\/h3>\t\t<\/div>\n\t\t\t\t<\/div>\n\t\t\t\t<div class=\"elementor-element elementor-element-94b2ead elementor-widget elementor-widget-global elementor-global-382 elementor-widget-image\" data-id=\"94b2ead\" data-element_type=\"widget\" data-widget_type=\"image.default\">\n\t\t\t\t<div class=\"elementor-widget-container\">\n\t\t\t\t\t\t\t\t\t\t\t\t\t\t\t<img decoding=\"async\" width=\"300\" height=\"85\" src=\"https:\/\/villawolf.com\/wp-content\/uploads\/2021\/09\/italian-deco-300x85.png\" class=\"attachment-medium size-medium wp-image-150\" alt=\"\" loading=\"lazy\" srcset=\"https:\/\/villawolf.com\/wp-content\/uploads\/2021\/09\/italian-deco-300x85.png 300w, https:\/\/villawolf.com\/wp-content\/uploads\/2021\/09\/italian-deco-768x218.png 768w, https:\/\/villawolf.com\/wp-content\/uploads\/2021\/09\/italian-deco-18x5.png 18w, https:\/\/villawolf.com\/wp-content\/uploads\/2021\/09\/italian-deco.png 1016w\" sizes=\"(max-width: 300px) 100vw, 300px\" \/>\t\t\t\t\t\t\t\t\t\t\t\t\t\t\t<\/div>\n\t\t\t\t<\/div>\n\t\t\t\t<div class=\"elementor-element elementor-element-e30a7cf elementor-widget elementor-widget-text-editor\" data-id=\"e30a7cf\" data-element_type=\"widget\" data-widget_type=\"text-editor.default\">\n\t\t\t\t<div class=\"elementor-widget-container\">\n\t\t\t<style>\/*! elementor - v3.13.3 - 28-05-2023 *\/\n.elementor-widget-text-editor.elementor-drop-cap-view-stacked .elementor-drop-cap{background-color:#69727d;color:#fff}.elementor-widget-text-editor.elementor-drop-cap-view-framed .elementor-drop-cap{color:#69727d;border:3px solid;background-color:transparent}.elementor-widget-text-editor:not(.elementor-drop-cap-view-default) .elementor-drop-cap{margin-top:8px}.elementor-widget-text-editor:not(.elementor-drop-cap-view-default) .elementor-drop-cap-letter{width:1em;height:1em}.elementor-widget-text-editor .elementor-drop-cap{float:left;text-align:center;line-height:1;font-size:50px}.elementor-widget-text-editor .elementor-drop-cap-letter{display:inline-block}<\/style>\t\t\t\t<p>When Ernst Loosen took over his family's vineyard on the Mosel, he had already traveled extensively to the world's most prestigious wineries. He wanted to discover the secret of truly great wines, and then make world-class wines himself. These journeys of discovery inspired Ernst to develop his own wine philosophy: great wines are the perfect expression of the soil, the climate and the grape variety.<\/p><p>Similar to the Dr. Loosen Winery on the Mosel, Ernst seized the opportunity to rebuild another traditional winery with prime sites. Here in the Pfalz, he saw the opportunity to produce first-class dry Rieslings and wines from various Burgundy grape varieties to complement the Rieslings from the Dr. Loosen Winery.<\/p>\t\t\t\t\t\t<\/div>\n\t\t\t\t<\/div>\n\t\t\t\t<div class=\"elementor-element elementor-element-bc5aaad elementor-widget elementor-widget-global elementor-global-382 elementor-widget-image\" data-id=\"bc5aaad\" data-element_type=\"widget\" data-widget_type=\"image.default\">\n\t\t\t\t<div class=\"elementor-widget-container\">\n\t\t\t\t\t\t\t\t\t\t\t\t\t\t\t<img decoding=\"async\" width=\"300\" height=\"85\" src=\"https:\/\/villawolf.com\/wp-content\/uploads\/2021\/09\/italian-deco-300x85.png\" class=\"attachment-medium size-medium wp-image-150\" alt=\"\" loading=\"lazy\" srcset=\"https:\/\/villawolf.com\/wp-content\/uploads\/2021\/09\/italian-deco-300x85.png 300w, https:\/\/villawolf.com\/wp-content\/uploads\/2021\/09\/italian-deco-768x218.png 768w, https:\/\/villawolf.com\/wp-content\/uploads\/2021\/09\/italian-deco-18x5.png 18w, https:\/\/villawolf.com\/wp-content\/uploads\/2021\/09\/italian-deco.png 1016w\" sizes=\"(max-width: 300px) 100vw, 300px\" \/>\t\t\t\t\t\t\t\t\t\t\t\t\t\t\t<\/div>\n\t\t\t\t<\/div>\n\t\t\t\t<div class=\"elementor-element elementor-element-32f0f25 elementor-align-center elementor-widget elementor-widget-button\" data-id=\"32f0f25\" data-element_type=\"widget\" data-widget_type=\"button.default\">\n\t\t\t\t<div class=\"elementor-widget-container\">\n\t\t\t\t\t<div class=\"elementor-button-wrapper\">\n\t\t\t<a href=\"https:\/\/villawolf.com\/en\/ueber-uns\/die-region\/\" class=\"elementor-button-link elementor-button elementor-size-md\" role=\"button\">\n\t\t\t\t\t\t<span class=\"elementor-button-content-wrapper\">\n\t\t\t\t\t\t<span class=\"elementor-button-text\">The Region<\/span>\n\t\t<\/span>\n\t\t\t\t\t<\/a>\n\t\t<\/div>\n\t\t\t\t<\/div>\n\t\t\t\t<\/div>\n\t\t\t\t\t<\/div>\n\t\t<\/div>\n\t\t\t\t<div class=\"elementor-column elementor-col-33 elementor-top-column elementor-element elementor-element-50b63a31\" data-id=\"50b63a31\" data-element_type=\"column\">\n\t\t\t<div class=\"elementor-widget-wrap elementor-element-populated\">\n\t\t\t\t\t\t\t\t<div class=\"elementor-element elementor-element-3a78ec27 elementor-hidden-phone elementor-widget elementor-widget-spacer\" data-id=\"3a78ec27\" data-element_type=\"widget\" data-widget_type=\"spacer.default\">\n\t\t\t\t<div class=\"elementor-widget-container\">\n\t\t\t\t\t<div class=\"elementor-spacer\">\n\t\t\t<div class=\"elementor-spacer-inner\"><\/div>\n\t\t<\/div>\n\t\t\t\t<\/div>\n\t\t\t\t<\/div>\n\t\t\t\t\t<\/div>\n\t\t<\/div>\n\t\t\t\t\t\t\t<\/div>\n\t\t<\/section>\n\t\t\t\t\t\t\t<\/div>","protected":false},"excerpt":{"rendered":"<p>Ernst F. Loosen Als Ernst Loosen das Weingut seiner Familie an der Mosel \u00fcbernahm, hatte er bereits zahlreiche Reisen zu den weltweit angesehensten Weing\u00fctern hinter sich. Er wollte das Geheimnis wahrhaft gro\u00dfer Weine ergr\u00fcnden, um dann selbst Weltklasse-Weine zu machen. Diese Entdeckungsreisen inspirierten Ernst Loosen zu seiner eigenen Wein Philosophie: Gro\u00dfe Weine sind der perfekte [&hellip;]<\/p>","protected":false},"author":5,"featured_media":0,"parent":97,"menu_order":0,"comment_status":"closed","ping_status":"closed","template":"elementor_header_footer","meta":[],"_links":{"self":[{"href":"https:\/\/villawolf.com\/en\/wp-json\/wp\/v2\/pages\/102"}],"collection":[{"href":"https:\/\/villawolf.com\/en\/wp-json\/wp\/v2\/pages"}],"about":[{"href":"https:\/\/villawolf.com\/en\/wp-json\/wp\/v2\/types\/page"}],"author":[{"embeddable":true,"href":"https:\/\/villawolf.com\/en\/wp-json\/wp\/v2\/users\/5"}],"replies":[{"embeddable":true,"href":"https:\/\/villawolf.com\/en\/wp-json\/wp\/v2\/comments?post=102"}],"version-history":[{"count":22,"href":"https:\/\/villawolf.com\/en\/wp-json\/wp\/v2\/pages\/102\/revisions"}],"predecessor-version":[{"id":647,"href":"https:\/\/villawolf.com\/en\/wp-json\/wp\/v2\/pages\/102\/revisions\/647"}],"up":[{"embeddable":true,"href":"https:\/\/villawolf.com\/en\/wp-json\/wp\/v2\/pages\/97"}],"wp:attachment":[{"href":"https:\/\/villawolf.com\/en\/wp-json\/wp\/v2\/media?parent=102"}],"curies":[{"name":"wp","href":"https:\/\/api.w.org\/{rel}","templated":true}]}}